{"id":18495,"date":"2023-01-27T18:06:48","date_gmt":"2023-01-27T10:06:48","guid":{"rendered":"https:\/\/hemlinegreen.htl.whale-castle.com\/de\/product\/universalwekzeug-fur-uberziehbare-knopfe\/"},"modified":"2023-01-30T15:53:06","modified_gmt":"2023-01-30T07:53:06","slug":"universalwekzeug-fur-uberziehbare-knopfe","status":"publish","type":"product","link":"https:\/\/hemlinegreen.htl.whale-castle.com\/de\/product\/universalwekzeug-fur-uberziehbare-knopfe\/","title":{"rendered":"Universalwekzeug f\u00fcr \u00fcberziehbare Kn\u00f6pfe"},"content":{"rendered":"<p>Geeignet f\u00fcr 5 verschiedene Gr\u00f6\u00dfen. Einfaches Anwendungswerkzeug zum Erstellen einzigartiger \u00fcberziehbarer Kn\u00f6pfe. Passend f\u00fcr Gr\u00f6\u00dfen: 11, 15, 19, 22, 29 mm.<\/p>\n","protected":false},"excerpt":{"rendered":"<p>https:\/\/www.youtube.com\/watch?v=kf0Q-nue3cI<\/p>\n","protected":false},"featured_media":14047,"template":"","meta":{"_mi_skip_tracking":false},"product_cat":[12325],"product_tag":[12324],"_links":{"self":[{"href":"https:\/\/hemlinegreen.htl.whale-castle.com\/de\/wp-json\/wp\/v2\/product\/18495"}],"collection":[{"href":"https:\/\/hemlinegreen.htl.whale-castle.com\/de\/wp-json\/wp\/v2\/product"}],"about":[{"href":"https:\/\/hemlinegreen.htl.whale-castle.com\/de\/wp-json\/wp\/v2\/types\/product"}],"wp:featuredmedia":[{"embeddable":true,"href":"https:\/\/hemlinegreen.htl.whale-castle.com\/de\/wp-json\/wp\/v2\/media\/14047"}],"wp:attachment":[{"href":"https:\/\/hemlinegreen.htl.whale-castle.com\/de\/wp-json\/wp\/v2\/media?parent=18495"}],"wp:term":[{"taxonomy":"product_cat","embeddable":true,"href":"https:\/\/hemlinegreen.htl.whale-castle.com\/de\/wp-json\/wp\/v2\/product_cat?post=18495"},{"taxonomy":"product_tag","embeddable":true,"href":"https:\/\/hemlinegreen.htl.whale-castle.com\/de\/wp-json\/wp\/v2\/product_tag?post=18495"}],"curies":[{"name":"wp","href":"https:\/\/api.w.org\/{rel}","templated":true}]}}