{"id":18482,"date":"2023-01-27T18:06:42","date_gmt":"2023-01-27T10:06:42","guid":{"rendered":"https:\/\/hemlinegreen.htl.whale-castle.com\/de\/product\/kummerbund-gurtelschnalle\/"},"modified":"2023-01-30T15:53:03","modified_gmt":"2023-01-30T07:53:03","slug":"kummerbund-gurtelschnalle","status":"publish","type":"product","link":"https:\/\/hemlinegreen.htl.whale-castle.com\/de\/product\/kummerbund-gurtelschnalle\/","title":{"rendered":"Kummerbund &#038; G\u00fcrtelschnalle"},"content":{"rendered":"<p>Kummerbundschnalle zum Anbringen von Sch\u00e4rpen und Schleifen an Abendgarderobe und Smoking. Auch f\u00fcr breite elastische G\u00fcrtel geeignet.<\/p>\n","protected":false},"excerpt":{"rendered":"<p>Kummerbundschnalle zum Anbringen von Sch\u00e4rpen und Schleifen an Abendgarderobe und Smoking. Auch f\u00fcr breite elastische G\u00fcrtel geeignet.<\/p>\n","protected":false},"featured_media":14021,"template":"","meta":{"_mi_skip_tracking":false},"product_cat":[12318],"product_tag":[12317],"_links":{"self":[{"href":"https:\/\/hemlinegreen.htl.whale-castle.com\/de\/wp-json\/wp\/v2\/product\/18482"}],"collection":[{"href":"https:\/\/hemlinegreen.htl.whale-castle.com\/de\/wp-json\/wp\/v2\/product"}],"about":[{"href":"https:\/\/hemlinegreen.htl.whale-castle.com\/de\/wp-json\/wp\/v2\/types\/product"}],"wp:featuredmedia":[{"embeddable":true,"href":"https:\/\/hemlinegreen.htl.whale-castle.com\/de\/wp-json\/wp\/v2\/media\/14021"}],"wp:attachment":[{"href":"https:\/\/hemlinegreen.htl.whale-castle.com\/de\/wp-json\/wp\/v2\/media?parent=18482"}],"wp:term":[{"taxonomy":"product_cat","embeddable":true,"href":"https:\/\/hemlinegreen.htl.whale-castle.com\/de\/wp-json\/wp\/v2\/product_cat?post=18482"},{"taxonomy":"product_tag","embeddable":true,"href":"https:\/\/hemlinegreen.htl.whale-castle.com\/de\/wp-json\/wp\/v2\/product_tag?post=18482"}],"curies":[{"name":"wp","href":"https:\/\/api.w.org\/{rel}","templated":true}]}}