{"id":18481,"date":"2023-01-27T18:06:37","date_gmt":"2023-01-27T10:06:37","guid":{"rendered":"https:\/\/hemlinegreen.htl.whale-castle.com\/de\/product\/druckknopf-und-osenzange\/"},"modified":"2023-01-30T15:53:02","modified_gmt":"2023-01-30T07:53:02","slug":"druckknopf-und-osenzange","status":"publish","type":"product","link":"https:\/\/hemlinegreen.htl.whale-castle.com\/de\/product\/druckknopf-und-osenzange\/","title":{"rendered":"Druckknopf- und \u00d6senzange"},"content":{"rendered":"<p>Ideal f\u00fcr den Einsatz von modischen Druckkn\u00f6pfen 440, 445, 450, 455 und \u00d6sen 435. Bitte scannen Sie den QRCode<br \/>\nf\u00fcr ausf\u00fchrliche Anweisungen.<\/p>\n","protected":false},"excerpt":{"rendered":"<p>https:\/\/www.youtube.com\/watch?v=yEJ2fYwV6OE<\/p>\n","protected":false},"featured_media":14019,"template":"","meta":{"_mi_skip_tracking":false},"product_cat":[12313],"product_tag":[12316],"_links":{"self":[{"href":"https:\/\/hemlinegreen.htl.whale-castle.com\/de\/wp-json\/wp\/v2\/product\/18481"}],"collection":[{"href":"https:\/\/hemlinegreen.htl.whale-castle.com\/de\/wp-json\/wp\/v2\/product"}],"about":[{"href":"https:\/\/hemlinegreen.htl.whale-castle.com\/de\/wp-json\/wp\/v2\/types\/product"}],"wp:featuredmedia":[{"embeddable":true,"href":"https:\/\/hemlinegreen.htl.whale-castle.com\/de\/wp-json\/wp\/v2\/media\/14019"}],"wp:attachment":[{"href":"https:\/\/hemlinegreen.htl.whale-castle.com\/de\/wp-json\/wp\/v2\/media?parent=18481"}],"wp:term":[{"taxonomy":"product_cat","embeddable":true,"href":"https:\/\/hemlinegreen.htl.whale-castle.com\/de\/wp-json\/wp\/v2\/product_cat?post=18481"},{"taxonomy":"product_tag","embeddable":true,"href":"https:\/\/hemlinegreen.htl.whale-castle.com\/de\/wp-json\/wp\/v2\/product_tag?post=18481"}],"curies":[{"name":"wp","href":"https:\/\/api.w.org\/{rel}","templated":true}]}}