{"id":18476,"date":"2023-01-27T18:06:35","date_gmt":"2023-01-27T10:06:35","guid":{"rendered":"https:\/\/hemlinegreen.htl.whale-castle.com\/de\/product\/druckknopfe-22\/"},"modified":"2023-01-30T15:53:01","modified_gmt":"2023-01-30T07:53:01","slug":"druckknopfe-22","status":"publish","type":"product","link":"https:\/\/hemlinegreen.htl.whale-castle.com\/de\/product\/druckknopfe-22\/","title":{"rendered":"Druckkn\u00f6pfe"},"content":{"rendered":"<p>Ideal f\u00fcr Quilts, Mode und Babybekleidung. Hergestellt aus Delrin, leicht und langlebig f\u00fcr wiederholtes Waschen und Tragen.<\/p>\n","protected":false},"excerpt":{"rendered":"<p>Ideal f\u00fcr Quilts, Mode und Babybekleidung. Hergestellt aus Delrin, leicht und langlebig f\u00fcr wiederholtes Waschen und Tragen.<\/p>\n","protected":false},"featured_media":14009,"template":"","meta":{"_mi_skip_tracking":false},"product_cat":[12311],"product_tag":[12310],"_links":{"self":[{"href":"https:\/\/hemlinegreen.htl.whale-castle.com\/de\/wp-json\/wp\/v2\/product\/18476"}],"collection":[{"href":"https:\/\/hemlinegreen.htl.whale-castle.com\/de\/wp-json\/wp\/v2\/product"}],"about":[{"href":"https:\/\/hemlinegreen.htl.whale-castle.com\/de\/wp-json\/wp\/v2\/types\/product"}],"wp:featuredmedia":[{"embeddable":true,"href":"https:\/\/hemlinegreen.htl.whale-castle.com\/de\/wp-json\/wp\/v2\/media\/14009"}],"wp:attachment":[{"href":"https:\/\/hemlinegreen.htl.whale-castle.com\/de\/wp-json\/wp\/v2\/media?parent=18476"}],"wp:term":[{"taxonomy":"product_cat","embeddable":true,"href":"https:\/\/hemlinegreen.htl.whale-castle.com\/de\/wp-json\/wp\/v2\/product_cat?post=18476"},{"taxonomy":"product_tag","embeddable":true,"href":"https:\/\/hemlinegreen.htl.whale-castle.com\/de\/wp-json\/wp\/v2\/product_tag?post=18476"}],"curies":[{"name":"wp","href":"https:\/\/api.w.org\/{rel}","templated":true}]}}