{"id":18475,"date":"2023-01-27T18:06:35","date_gmt":"2023-01-27T10:06:35","guid":{"rendered":"https:\/\/hemlinegreen.htl.whale-castle.com\/de\/product\/druckknopfe-21\/"},"modified":"2023-01-30T15:53:01","modified_gmt":"2023-01-30T07:53:01","slug":"druckknopfe-21","status":"publish","type":"product","link":"https:\/\/hemlinegreen.htl.whale-castle.com\/de\/product\/druckknopfe-21\/","title":{"rendered":"Druckkn\u00f6pfe"},"content":{"rendered":"<p>Unsichtbar. Ideal f\u00fcr transparente Stoffe. Zentrales F\u00fchrungsloch an beiden Teilen f\u00fcr perfekte Ausrichtung. N\u00fctzlich f\u00fcr Kleidung und Mode.<\/p>\n","protected":false},"excerpt":{"rendered":"<p>Unsichtbar. Ideal f\u00fcr transparente Stoffe. Zentrales F\u00fchrungsloch an beiden Teilen f\u00fcr perfekte Ausrichtung. N\u00fctzlich f\u00fcr Kleidung und Mode.<\/p>\n","protected":false},"featured_media":14007,"template":"","meta":{"_mi_skip_tracking":false},"product_cat":[12311],"product_tag":[12310],"_links":{"self":[{"href":"https:\/\/hemlinegreen.htl.whale-castle.com\/de\/wp-json\/wp\/v2\/product\/18475"}],"collection":[{"href":"https:\/\/hemlinegreen.htl.whale-castle.com\/de\/wp-json\/wp\/v2\/product"}],"about":[{"href":"https:\/\/hemlinegreen.htl.whale-castle.com\/de\/wp-json\/wp\/v2\/types\/product"}],"wp:featuredmedia":[{"embeddable":true,"href":"https:\/\/hemlinegreen.htl.whale-castle.com\/de\/wp-json\/wp\/v2\/media\/14007"}],"wp:attachment":[{"href":"https:\/\/hemlinegreen.htl.whale-castle.com\/de\/wp-json\/wp\/v2\/media?parent=18475"}],"wp:term":[{"taxonomy":"product_cat","embeddable":true,"href":"https:\/\/hemlinegreen.htl.whale-castle.com\/de\/wp-json\/wp\/v2\/product_cat?post=18475"},{"taxonomy":"product_tag","embeddable":true,"href":"https:\/\/hemlinegreen.htl.whale-castle.com\/de\/wp-json\/wp\/v2\/product_tag?post=18475"}],"curies":[{"name":"wp","href":"https:\/\/api.w.org\/{rel}","templated":true}]}}