{"id":18474,"date":"2023-01-27T18:06:34","date_gmt":"2023-01-27T10:06:34","guid":{"rendered":"https:\/\/hemlinegreen.htl.whale-castle.com\/de\/product\/druckknopfe-20\/"},"modified":"2023-01-30T15:53:01","modified_gmt":"2023-01-30T07:53:01","slug":"druckknopfe-20","status":"publish","type":"product","link":"https:\/\/hemlinegreen.htl.whale-castle.com\/de\/product\/druckknopfe-20\/","title":{"rendered":"Druckkn\u00f6pfe"},"content":{"rendered":"<p>Messing, Korrosionsbest\u00e4ndig. Verschiedene Gr\u00f6\u00dfen. 5 Sets von jeder Gr\u00f6\u00dfe. Gr\u00f6\u00dfen: 6, 7, 9, 11 mm. Zentrales F\u00fchrungsloch an beiden Teilen f\u00fcr perfekte Ausrichtung.<\/p>\n","protected":false},"excerpt":{"rendered":"<p>Messing, Korrosionsbest\u00e4ndig. Verschiedene Gr\u00f6\u00dfen. 5 Sets von jeder Gr\u00f6\u00dfe. Gr\u00f6\u00dfen: 6, 7, 9, 11 mm. Zentrales F\u00fchrungsloch an beiden Teilen f\u00fcr perfekte Ausrichtung.<\/p>\n","protected":false},"featured_media":14005,"template":"","meta":{"_mi_skip_tracking":false},"product_cat":[12311],"product_tag":[12310],"_links":{"self":[{"href":"https:\/\/hemlinegreen.htl.whale-castle.com\/de\/wp-json\/wp\/v2\/product\/18474"}],"collection":[{"href":"https:\/\/hemlinegreen.htl.whale-castle.com\/de\/wp-json\/wp\/v2\/product"}],"about":[{"href":"https:\/\/hemlinegreen.htl.whale-castle.com\/de\/wp-json\/wp\/v2\/types\/product"}],"wp:featuredmedia":[{"embeddable":true,"href":"https:\/\/hemlinegreen.htl.whale-castle.com\/de\/wp-json\/wp\/v2\/media\/14005"}],"wp:attachment":[{"href":"https:\/\/hemlinegreen.htl.whale-castle.com\/de\/wp-json\/wp\/v2\/media?parent=18474"}],"wp:term":[{"taxonomy":"product_cat","embeddable":true,"href":"https:\/\/hemlinegreen.htl.whale-castle.com\/de\/wp-json\/wp\/v2\/product_cat?post=18474"},{"taxonomy":"product_tag","embeddable":true,"href":"https:\/\/hemlinegreen.htl.whale-castle.com\/de\/wp-json\/wp\/v2\/product_tag?post=18474"}],"curies":[{"name":"wp","href":"https:\/\/api.w.org\/{rel}","templated":true}]}}