{"id":18460,"date":"2023-01-27T18:06:28","date_gmt":"2023-01-27T10:06:28","guid":{"rendered":"https:\/\/hemlinegreen.htl.whale-castle.com\/de\/product\/druckknopfe-6\/"},"modified":"2023-01-30T15:52:59","modified_gmt":"2023-01-30T07:52:59","slug":"druckknopfe-6","status":"publish","type":"product","link":"https:\/\/hemlinegreen.htl.whale-castle.com\/de\/product\/druckknopfe-6\/","title":{"rendered":"Druckkn\u00f6pfe"},"content":{"rendered":"<p>Messing, Korrosionsbest\u00e4ndig. Zentrales F\u00fchrungsloch an beiden Teilen f\u00fcr perfekte Ausrichtung. N\u00fctzlich f\u00fcr M\u00f6bel und Mode (420.30).<\/p>\n","protected":false},"excerpt":{"rendered":"<p>Messing, Korrosionsbest\u00e4ndig. Zentrales F\u00fchrungsloch an beiden Teilen f\u00fcr perfekte Ausrichtung. N\u00fctzlich f\u00fcr M\u00f6bel und Mode (420.30).<\/p>\n","protected":false},"featured_media":13977,"template":"","meta":{"_mi_skip_tracking":false},"product_cat":[12311],"product_tag":[12310],"_links":{"self":[{"href":"https:\/\/hemlinegreen.htl.whale-castle.com\/de\/wp-json\/wp\/v2\/product\/18460"}],"collection":[{"href":"https:\/\/hemlinegreen.htl.whale-castle.com\/de\/wp-json\/wp\/v2\/product"}],"about":[{"href":"https:\/\/hemlinegreen.htl.whale-castle.com\/de\/wp-json\/wp\/v2\/types\/product"}],"wp:featuredmedia":[{"embeddable":true,"href":"https:\/\/hemlinegreen.htl.whale-castle.com\/de\/wp-json\/wp\/v2\/media\/13977"}],"wp:attachment":[{"href":"https:\/\/hemlinegreen.htl.whale-castle.com\/de\/wp-json\/wp\/v2\/media?parent=18460"}],"wp:term":[{"taxonomy":"product_cat","embeddable":true,"href":"https:\/\/hemlinegreen.htl.whale-castle.com\/de\/wp-json\/wp\/v2\/product_cat?post=18460"},{"taxonomy":"product_tag","embeddable":true,"href":"https:\/\/hemlinegreen.htl.whale-castle.com\/de\/wp-json\/wp\/v2\/product_tag?post=18460"}],"curies":[{"name":"wp","href":"https:\/\/api.w.org\/{rel}","templated":true}]}}