{"id":18452,"date":"2023-01-27T18:06:24","date_gmt":"2023-01-27T10:06:24","guid":{"rendered":"https:\/\/hemlinegreen.htl.whale-castle.com\/de\/product\/sicherheitsnadeln-verschiedene-grosen-3\/"},"modified":"2023-01-30T15:52:58","modified_gmt":"2023-01-30T07:52:58","slug":"sicherheitsnadeln-verschiedene-grosen-3","status":"publish","type":"product","link":"https:\/\/hemlinegreen.htl.whale-castle.com\/de\/product\/sicherheitsnadeln-verschiedene-grosen-3\/","title":{"rendered":"Sicherheitsnadeln &#8211; Verschiedene Gr\u00f6\u00dfen"},"content":{"rendered":"<p>Enth\u00e4lt 6 verschiedene Gr\u00f6\u00dfen. Aus Messing und Nickel. Messing &#8211; 19 &#038; 23 mm. Nickel &#8211; 27, 34, 38, 46 mm.<\/p>\n","protected":false},"excerpt":{"rendered":"<p>Enth\u00e4lt 6 verschiedene Gr\u00f6\u00dfen. Aus Messing und Nickel. Messing &#8211; 19 &#038; 23 mm. Nickel &#8211; 27, 34, 38, 46 mm.<\/p>\n","protected":false},"featured_media":13961,"template":"","meta":{"_mi_skip_tracking":false},"product_cat":[12305],"product_tag":[12306],"_links":{"self":[{"href":"https:\/\/hemlinegreen.htl.whale-castle.com\/de\/wp-json\/wp\/v2\/product\/18452"}],"collection":[{"href":"https:\/\/hemlinegreen.htl.whale-castle.com\/de\/wp-json\/wp\/v2\/product"}],"about":[{"href":"https:\/\/hemlinegreen.htl.whale-castle.com\/de\/wp-json\/wp\/v2\/types\/product"}],"wp:featuredmedia":[{"embeddable":true,"href":"https:\/\/hemlinegreen.htl.whale-castle.com\/de\/wp-json\/wp\/v2\/media\/13961"}],"wp:attachment":[{"href":"https:\/\/hemlinegreen.htl.whale-castle.com\/de\/wp-json\/wp\/v2\/media?parent=18452"}],"wp:term":[{"taxonomy":"product_cat","embeddable":true,"href":"https:\/\/hemlinegreen.htl.whale-castle.com\/de\/wp-json\/wp\/v2\/product_cat?post=18452"},{"taxonomy":"product_tag","embeddable":true,"href":"https:\/\/hemlinegreen.htl.whale-castle.com\/de\/wp-json\/wp\/v2\/product_tag?post=18452"}],"curies":[{"name":"wp","href":"https:\/\/api.w.org\/{rel}","templated":true}]}}