{"id":18449,"date":"2023-01-27T18:06:19","date_gmt":"2023-01-27T10:06:19","guid":{"rendered":"https:\/\/hemlinegreen.htl.whale-castle.com\/de\/product\/kiltnadeln\/"},"modified":"2023-01-30T15:52:55","modified_gmt":"2023-01-30T07:52:55","slug":"kiltnadeln","status":"publish","type":"product","link":"https:\/\/hemlinegreen.htl.whale-castle.com\/de\/product\/kiltnadeln\/","title":{"rendered":"Kiltnadeln"},"content":{"rendered":"<p>Kiltnadeln sind den bekannteren Sicherheitsnadeln sehr \u00e4hnlich, jedoch sind sie meist deutlich gr\u00f6\u00dfer und robuster.<\/p>\n","protected":false},"excerpt":{"rendered":"<p>Kiltnadeln sind den bekannteren Sicherheitsnadeln sehr \u00e4hnlich, jedoch sind sie meist deutlich gr\u00f6\u00dfer und robuster.<\/p>\n","protected":false},"featured_media":13955,"template":"","meta":{"_mi_skip_tracking":false},"product_cat":[12305],"product_tag":[12307],"_links":{"self":[{"href":"https:\/\/hemlinegreen.htl.whale-castle.com\/de\/wp-json\/wp\/v2\/product\/18449"}],"collection":[{"href":"https:\/\/hemlinegreen.htl.whale-castle.com\/de\/wp-json\/wp\/v2\/product"}],"about":[{"href":"https:\/\/hemlinegreen.htl.whale-castle.com\/de\/wp-json\/wp\/v2\/types\/product"}],"wp:featuredmedia":[{"embeddable":true,"href":"https:\/\/hemlinegreen.htl.whale-castle.com\/de\/wp-json\/wp\/v2\/media\/13955"}],"wp:attachment":[{"href":"https:\/\/hemlinegreen.htl.whale-castle.com\/de\/wp-json\/wp\/v2\/media?parent=18449"}],"wp:term":[{"taxonomy":"product_cat","embeddable":true,"href":"https:\/\/hemlinegreen.htl.whale-castle.com\/de\/wp-json\/wp\/v2\/product_cat?post=18449"},{"taxonomy":"product_tag","embeddable":true,"href":"https:\/\/hemlinegreen.htl.whale-castle.com\/de\/wp-json\/wp\/v2\/product_tag?post=18449"}],"curies":[{"name":"wp","href":"https:\/\/api.w.org\/{rel}","templated":true}]}}