{"id":18443,"date":"2023-01-27T18:06:17","date_gmt":"2023-01-27T10:06:17","guid":{"rendered":"https:\/\/hemlinegreen.htl.whale-castle.com\/de\/product\/werkzeug-set-b-serie\/"},"modified":"2023-01-30T15:52:55","modified_gmt":"2023-01-30T07:52:55","slug":"werkzeug-set-b-serie","status":"publish","type":"product","link":"https:\/\/hemlinegreen.htl.whale-castle.com\/de\/product\/werkzeug-set-b-serie\/","title":{"rendered":"Werkzeug Set &#8211; B-Serie"},"content":{"rendered":"<p>Werkzeug Set &#8211; B-Serie. Anorak Druckkn\u00f6pfe. Anorak-Druckkn\u00f6pfe sind f\u00fcr mittelschwere und schwere Stoffe konzipiert.<\/p>\n","protected":false},"excerpt":{"rendered":"<p>Werkzeug Set &#8211; B-Serie. Anorak Druckkn\u00f6pfe. Anorak-Druckkn\u00f6pfe sind f\u00fcr mittelschwere und schwere Stoffe konzipiert.<\/p>\n","protected":false},"featured_media":13943,"template":"","meta":{"_mi_skip_tracking":false},"product_cat":[12302],"product_tag":[12303],"_links":{"self":[{"href":"https:\/\/hemlinegreen.htl.whale-castle.com\/de\/wp-json\/wp\/v2\/product\/18443"}],"collection":[{"href":"https:\/\/hemlinegreen.htl.whale-castle.com\/de\/wp-json\/wp\/v2\/product"}],"about":[{"href":"https:\/\/hemlinegreen.htl.whale-castle.com\/de\/wp-json\/wp\/v2\/types\/product"}],"wp:featuredmedia":[{"embeddable":true,"href":"https:\/\/hemlinegreen.htl.whale-castle.com\/de\/wp-json\/wp\/v2\/media\/13943"}],"wp:attachment":[{"href":"https:\/\/hemlinegreen.htl.whale-castle.com\/de\/wp-json\/wp\/v2\/media?parent=18443"}],"wp:term":[{"taxonomy":"product_cat","embeddable":true,"href":"https:\/\/hemlinegreen.htl.whale-castle.com\/de\/wp-json\/wp\/v2\/product_cat?post=18443"},{"taxonomy":"product_tag","embeddable":true,"href":"https:\/\/hemlinegreen.htl.whale-castle.com\/de\/wp-json\/wp\/v2\/product_tag?post=18443"}],"curies":[{"name":"wp","href":"https:\/\/api.w.org\/{rel}","templated":true}]}}