{"id":18420,"date":"2023-01-27T18:06:06","date_gmt":"2023-01-27T10:06:06","guid":{"rendered":"https:\/\/hemlinegreen.htl.whale-castle.com\/de\/product\/wasserloslicher-stift\/"},"modified":"2023-01-30T15:52:50","modified_gmt":"2023-01-30T07:52:50","slug":"wasserloslicher-stift","status":"publish","type":"product","link":"https:\/\/hemlinegreen.htl.whale-castle.com\/de\/product\/wasserloslicher-stift\/","title":{"rendered":"Wasserl\u00f6slicher Stift"},"content":{"rendered":"<p>Abb\u00fcrstbar. Mit einem feuchten Tuch abwischbar. Perfekt f\u00fcr Schneider. Zum Markieren von N\u00e4hund Schnittlinien auf Stoff. Geeignet f\u00fcr die meisten dunklen Stoffe.<\/p>\n","protected":false},"excerpt":{"rendered":"<p>Abb\u00fcrstbar. Mit einem feuchten Tuch abwischbar. Perfekt f\u00fcr Schneider. Zum Markieren von N\u00e4hund Schnittlinien auf Stoff. Geeignet f\u00fcr die meisten dunklen Stoffe.<\/p>\n","protected":false},"featured_media":13897,"template":"","meta":{"_mi_skip_tracking":false},"product_cat":[12289],"product_tag":[12288],"_links":{"self":[{"href":"https:\/\/hemlinegreen.htl.whale-castle.com\/de\/wp-json\/wp\/v2\/product\/18420"}],"collection":[{"href":"https:\/\/hemlinegreen.htl.whale-castle.com\/de\/wp-json\/wp\/v2\/product"}],"about":[{"href":"https:\/\/hemlinegreen.htl.whale-castle.com\/de\/wp-json\/wp\/v2\/types\/product"}],"wp:featuredmedia":[{"embeddable":true,"href":"https:\/\/hemlinegreen.htl.whale-castle.com\/de\/wp-json\/wp\/v2\/media\/13897"}],"wp:attachment":[{"href":"https:\/\/hemlinegreen.htl.whale-castle.com\/de\/wp-json\/wp\/v2\/media?parent=18420"}],"wp:term":[{"taxonomy":"product_cat","embeddable":true,"href":"https:\/\/hemlinegreen.htl.whale-castle.com\/de\/wp-json\/wp\/v2\/product_cat?post=18420"},{"taxonomy":"product_tag","embeddable":true,"href":"https:\/\/hemlinegreen.htl.whale-castle.com\/de\/wp-json\/wp\/v2\/product_tag?post=18420"}],"curies":[{"name":"wp","href":"https:\/\/api.w.org\/{rel}","templated":true}]}}