{"id":18415,"date":"2023-01-27T18:06:05","date_gmt":"2023-01-27T10:06:05","guid":{"rendered":"https:\/\/hemlinegreen.htl.whale-castle.com\/de\/product\/waschemarkierset\/"},"modified":"2023-01-30T15:52:50","modified_gmt":"2023-01-30T07:52:50","slug":"waschemarkierset","status":"publish","type":"product","link":"https:\/\/hemlinegreen.htl.whale-castle.com\/de\/product\/waschemarkierset\/","title":{"rendered":"W\u00e4schemarkierset"},"content":{"rendered":"<p>Beinhaltet: permanenter Markierstift, B\u00fcgelband, Alphabetschablone. Zum Markieren von Kleidung oder Ausr\u00fcstung. Stift nicht auswaschbar.<\/p>\n","protected":false},"excerpt":{"rendered":"<p>https:\/\/www.youtube.com\/watch?v=Dau8_cSOT9Q<\/p>\n","protected":false},"featured_media":13887,"template":"","meta":{"_mi_skip_tracking":false},"product_cat":[12287],"product_tag":[12286],"_links":{"self":[{"href":"https:\/\/hemlinegreen.htl.whale-castle.com\/de\/wp-json\/wp\/v2\/product\/18415"}],"collection":[{"href":"https:\/\/hemlinegreen.htl.whale-castle.com\/de\/wp-json\/wp\/v2\/product"}],"about":[{"href":"https:\/\/hemlinegreen.htl.whale-castle.com\/de\/wp-json\/wp\/v2\/types\/product"}],"wp:featuredmedia":[{"embeddable":true,"href":"https:\/\/hemlinegreen.htl.whale-castle.com\/de\/wp-json\/wp\/v2\/media\/13887"}],"wp:attachment":[{"href":"https:\/\/hemlinegreen.htl.whale-castle.com\/de\/wp-json\/wp\/v2\/media?parent=18415"}],"wp:term":[{"taxonomy":"product_cat","embeddable":true,"href":"https:\/\/hemlinegreen.htl.whale-castle.com\/de\/wp-json\/wp\/v2\/product_cat?post=18415"},{"taxonomy":"product_tag","embeddable":true,"href":"https:\/\/hemlinegreen.htl.whale-castle.com\/de\/wp-json\/wp\/v2\/product_tag?post=18415"}],"curies":[{"name":"wp","href":"https:\/\/api.w.org\/{rel}","templated":true}]}}