{"id":18412,"date":"2023-01-27T18:06:04","date_gmt":"2023-01-27T10:06:04","guid":{"rendered":"https:\/\/hemlinegreen.htl.whale-castle.com\/de\/product\/teppichknupfhaken\/"},"modified":"2023-01-30T15:52:49","modified_gmt":"2023-01-30T07:52:49","slug":"teppichknupfhaken","status":"publish","type":"product","link":"https:\/\/hemlinegreen.htl.whale-castle.com\/de\/product\/teppichknupfhaken\/","title":{"rendered":"Teppichkn\u00fcpfhaken"},"content":{"rendered":"<p>Ideal f\u00fcr die Herstellung von handgefertigten Teppichen, Matten und Wandbeh\u00e4ngen. Ergonomisch gestalteter Griff verbessert den Griffkomfort. Glatte Lasche verhindert das Herausrutschen der Wolle. Der Winkel des Werkzeugs wurde entwickelt, um den Arbeitsprozess zu beschleunigen. Zur Verwendung mit vorgeschnittener<br \/>\nTeppichwolle und Teppichleinwand.<\/p>\n","protected":false},"excerpt":{"rendered":"<p>Ideal f\u00fcr die Herstellung von handgefertigten Teppichen, Matten und Wandbeh\u00e4ngen. Ergonomisch gestalteter Griff verbessert den Griffkomfort. Glatte Lasche verhindert das Herausrutschen der Wolle. Der Winkel des Werkzeugs wurde entwickelt, um den Arbeitsprozess zu beschleunigen. Zur Verwendung mit vorgeschnittener Teppichwolle und Teppichleinwand.<\/p>\n","protected":false},"featured_media":13881,"template":"","meta":{"_mi_skip_tracking":false},"product_cat":[12280],"product_tag":[12279],"_links":{"self":[{"href":"https:\/\/hemlinegreen.htl.whale-castle.com\/de\/wp-json\/wp\/v2\/product\/18412"}],"collection":[{"href":"https:\/\/hemlinegreen.htl.whale-castle.com\/de\/wp-json\/wp\/v2\/product"}],"about":[{"href":"https:\/\/hemlinegreen.htl.whale-castle.com\/de\/wp-json\/wp\/v2\/types\/product"}],"wp:featuredmedia":[{"embeddable":true,"href":"https:\/\/hemlinegreen.htl.whale-castle.com\/de\/wp-json\/wp\/v2\/media\/13881"}],"wp:attachment":[{"href":"https:\/\/hemlinegreen.htl.whale-castle.com\/de\/wp-json\/wp\/v2\/media?parent=18412"}],"wp:term":[{"taxonomy":"product_cat","embeddable":true,"href":"https:\/\/hemlinegreen.htl.whale-castle.com\/de\/wp-json\/wp\/v2\/product_cat?post=18412"},{"taxonomy":"product_tag","embeddable":true,"href":"https:\/\/hemlinegreen.htl.whale-castle.com\/de\/wp-json\/wp\/v2\/product_tag?post=18412"}],"curies":[{"name":"wp","href":"https:\/\/api.w.org\/{rel}","templated":true}]}}