{"id":18403,"date":"2023-01-27T18:06:01","date_gmt":"2023-01-27T10:06:01","guid":{"rendered":"https:\/\/hemlinegreen.htl.whale-castle.com\/de\/product\/handmas\/"},"modified":"2023-01-30T15:52:48","modified_gmt":"2023-01-30T07:52:48","slug":"handmas","status":"publish","type":"product","link":"https:\/\/hemlinegreen.htl.whale-castle.com\/de\/product\/handmas\/","title":{"rendered":"Handma\u00df"},"content":{"rendered":"<p>Praktisches Messwerkzeug. Beidseitig bedruckt mit metrischen Ma\u00dfangaben. Ideal zum Messen von Nahtzugaben, S\u00e4umen und Abst\u00e4nden von \u00d6sen und Kn\u00f6pfen. Markierungshilfe f\u00fcr 45\u00b0- und 90\u00b0-Winkel. Kompasswerkzeug zum Zeichnen von Radien von 1 cm bis 17 cm. Hergestellt aus flexiblem, d\u00fcnnem Kunststoff, der sich f\u00fcr eine genaue<br \/>\nMessung an den Stoff anschmiegt. Hitzebest\u00e4ndig bis 60\u00b0C. Perfekte Gr\u00f6\u00dfe f\u00fcr den N\u00e4hkorb.<\/p>\n","protected":false},"excerpt":{"rendered":"<p>https:\/\/www.youtube.com\/watch?v=78Z9DlQJ8J4<\/p>\n","protected":false},"featured_media":13863,"template":"","meta":{"_mi_skip_tracking":false},"product_cat":[12268],"product_tag":[12267],"_links":{"self":[{"href":"https:\/\/hemlinegreen.htl.whale-castle.com\/de\/wp-json\/wp\/v2\/product\/18403"}],"collection":[{"href":"https:\/\/hemlinegreen.htl.whale-castle.com\/de\/wp-json\/wp\/v2\/product"}],"about":[{"href":"https:\/\/hemlinegreen.htl.whale-castle.com\/de\/wp-json\/wp\/v2\/types\/product"}],"wp:featuredmedia":[{"embeddable":true,"href":"https:\/\/hemlinegreen.htl.whale-castle.com\/de\/wp-json\/wp\/v2\/media\/13863"}],"wp:attachment":[{"href":"https:\/\/hemlinegreen.htl.whale-castle.com\/de\/wp-json\/wp\/v2\/media?parent=18403"}],"wp:term":[{"taxonomy":"product_cat","embeddable":true,"href":"https:\/\/hemlinegreen.htl.whale-castle.com\/de\/wp-json\/wp\/v2\/product_cat?post=18403"},{"taxonomy":"product_tag","embeddable":true,"href":"https:\/\/hemlinegreen.htl.whale-castle.com\/de\/wp-json\/wp\/v2\/product_tag?post=18403"}],"curies":[{"name":"wp","href":"https:\/\/api.w.org\/{rel}","templated":true}]}}