{"id":18401,"date":"2023-01-27T18:06:00","date_gmt":"2023-01-27T10:06:00","guid":{"rendered":"https:\/\/hemlinegreen.htl.whale-castle.com\/de\/product\/masband-2\/"},"modified":"2023-01-30T15:52:48","modified_gmt":"2023-01-30T07:52:48","slug":"masband-2","status":"publish","type":"product","link":"https:\/\/hemlinegreen.htl.whale-castle.com\/de\/product\/masband-2\/","title":{"rendered":"Ma\u00dfband"},"content":{"rendered":"<p>Metrische und imperiale Ma\u00dfe. Alle Hemline-Ma\u00dfb\u00e4nder sind glasfaserverst\u00e4rkt, um ein m\u00f6gliches Dehnen oder<br \/>\nVerziehen zu vermeiden. Deutlich angezeigte Messmarkierungen auf beiden Seiten.<\/p>\n","protected":false},"excerpt":{"rendered":"<p>Metrische und imperiale Ma\u00dfe. Alle Hemline-Ma\u00dfb\u00e4nder sind glasfaserverst\u00e4rkt, um ein m\u00f6gliches Dehnen oder Verziehen zu vermeiden. Deutlich angezeigte Messmarkierungen auf beiden Seiten.<\/p>\n","protected":false},"featured_media":13859,"template":"","meta":{"_mi_skip_tracking":false},"product_cat":[12258],"product_tag":[12257],"_links":{"self":[{"href":"https:\/\/hemlinegreen.htl.whale-castle.com\/de\/wp-json\/wp\/v2\/product\/18401"}],"collection":[{"href":"https:\/\/hemlinegreen.htl.whale-castle.com\/de\/wp-json\/wp\/v2\/product"}],"about":[{"href":"https:\/\/hemlinegreen.htl.whale-castle.com\/de\/wp-json\/wp\/v2\/types\/product"}],"wp:featuredmedia":[{"embeddable":true,"href":"https:\/\/hemlinegreen.htl.whale-castle.com\/de\/wp-json\/wp\/v2\/media\/13859"}],"wp:attachment":[{"href":"https:\/\/hemlinegreen.htl.whale-castle.com\/de\/wp-json\/wp\/v2\/media?parent=18401"}],"wp:term":[{"taxonomy":"product_cat","embeddable":true,"href":"https:\/\/hemlinegreen.htl.whale-castle.com\/de\/wp-json\/wp\/v2\/product_cat?post=18401"},{"taxonomy":"product_tag","embeddable":true,"href":"https:\/\/hemlinegreen.htl.whale-castle.com\/de\/wp-json\/wp\/v2\/product_tag?post=18401"}],"curies":[{"name":"wp","href":"https:\/\/api.w.org\/{rel}","templated":true}]}}