{"id":18398,"date":"2023-01-27T18:05:59","date_gmt":"2023-01-27T10:05:59","guid":{"rendered":"https:\/\/hemlinegreen.htl.whale-castle.com\/de\/product\/saummas\/"},"modified":"2023-01-30T15:52:47","modified_gmt":"2023-01-30T07:52:47","slug":"saummas","status":"publish","type":"product","link":"https:\/\/hemlinegreen.htl.whale-castle.com\/de\/product\/saummas\/","title":{"rendered":"Saumma\u00df"},"content":{"rendered":"<p>Doppelseitige Ma\u00dfangaben. 14 verschiedene Ma\u00dfangaben zum \u00dcberpr\u00fcfen und Markieren aller kleinen Ma\u00dfe, die beim Quilten oder N\u00e4hen verwendet werden. Kann zum Messen, Markieren oder \u00dcberpr\u00fcfen von N\u00e4hten verwendet werden.<\/p>\n","protected":false},"excerpt":{"rendered":"<p>Doppelseitige Ma\u00dfangaben. 14 verschiedene Ma\u00dfangaben zum \u00dcberpr\u00fcfen und Markieren aller kleinen Ma\u00dfe, die beim Quilten oder N\u00e4hen verwendet werden. Kann zum Messen, Markieren oder \u00dcberpr\u00fcfen von N\u00e4hten verwendet werden.<\/p>\n","protected":false},"featured_media":13853,"template":"","meta":{"_mi_skip_tracking":false},"product_cat":[12265],"product_tag":[12264],"_links":{"self":[{"href":"https:\/\/hemlinegreen.htl.whale-castle.com\/de\/wp-json\/wp\/v2\/product\/18398"}],"collection":[{"href":"https:\/\/hemlinegreen.htl.whale-castle.com\/de\/wp-json\/wp\/v2\/product"}],"about":[{"href":"https:\/\/hemlinegreen.htl.whale-castle.com\/de\/wp-json\/wp\/v2\/types\/product"}],"wp:featuredmedia":[{"embeddable":true,"href":"https:\/\/hemlinegreen.htl.whale-castle.com\/de\/wp-json\/wp\/v2\/media\/13853"}],"wp:attachment":[{"href":"https:\/\/hemlinegreen.htl.whale-castle.com\/de\/wp-json\/wp\/v2\/media?parent=18398"}],"wp:term":[{"taxonomy":"product_cat","embeddable":true,"href":"https:\/\/hemlinegreen.htl.whale-castle.com\/de\/wp-json\/wp\/v2\/product_cat?post=18398"},{"taxonomy":"product_tag","embeddable":true,"href":"https:\/\/hemlinegreen.htl.whale-castle.com\/de\/wp-json\/wp\/v2\/product_tag?post=18398"}],"curies":[{"name":"wp","href":"https:\/\/api.w.org\/{rel}","templated":true}]}}