{"id":18397,"date":"2023-01-27T18:05:59","date_gmt":"2023-01-27T10:05:59","guid":{"rendered":"https:\/\/hemlinegreen.htl.whale-castle.com\/de\/product\/schneider-masband\/"},"modified":"2023-01-30T15:52:47","modified_gmt":"2023-01-30T07:52:47","slug":"schneider-masband","status":"publish","type":"product","link":"https:\/\/hemlinegreen.htl.whale-castle.com\/de\/product\/schneider-masband\/","title":{"rendered":"Schneider Ma\u00dfband"},"content":{"rendered":"<p>Ausgestattet mit transparenten Kunststoffenden. 7,5 cm klare Kunststoff-Endst\u00fccke, unterst\u00fctzt bei genaue Messungen. Metrische und imperiale Ma\u00dfe.<\/p>\n","protected":false},"excerpt":{"rendered":"<p>Ausgestattet mit transparenten Kunststoffenden. 7,5 cm klare Kunststoff-Endst\u00fccke, unterst\u00fctzt bei genaue Messungen. Metrische und imperiale Ma\u00dfe.<\/p>\n","protected":false},"featured_media":13851,"template":"","meta":{"_mi_skip_tracking":false},"product_cat":[12263],"product_tag":[12262],"_links":{"self":[{"href":"https:\/\/hemlinegreen.htl.whale-castle.com\/de\/wp-json\/wp\/v2\/product\/18397"}],"collection":[{"href":"https:\/\/hemlinegreen.htl.whale-castle.com\/de\/wp-json\/wp\/v2\/product"}],"about":[{"href":"https:\/\/hemlinegreen.htl.whale-castle.com\/de\/wp-json\/wp\/v2\/types\/product"}],"wp:featuredmedia":[{"embeddable":true,"href":"https:\/\/hemlinegreen.htl.whale-castle.com\/de\/wp-json\/wp\/v2\/media\/13851"}],"wp:attachment":[{"href":"https:\/\/hemlinegreen.htl.whale-castle.com\/de\/wp-json\/wp\/v2\/media?parent=18397"}],"wp:term":[{"taxonomy":"product_cat","embeddable":true,"href":"https:\/\/hemlinegreen.htl.whale-castle.com\/de\/wp-json\/wp\/v2\/product_cat?post=18397"},{"taxonomy":"product_tag","embeddable":true,"href":"https:\/\/hemlinegreen.htl.whale-castle.com\/de\/wp-json\/wp\/v2\/product_tag?post=18397"}],"curies":[{"name":"wp","href":"https:\/\/api.w.org\/{rel}","templated":true}]}}