{"id":18396,"date":"2023-01-27T18:05:58","date_gmt":"2023-01-27T10:05:58","guid":{"rendered":"https:\/\/hemlinegreen.htl.whale-castle.com\/de\/product\/nah-und-strickmas\/"},"modified":"2023-01-30T15:52:47","modified_gmt":"2023-01-30T07:52:47","slug":"nah-und-strickmas","status":"publish","type":"product","link":"https:\/\/hemlinegreen.htl.whale-castle.com\/de\/product\/nah-und-strickmas\/","title":{"rendered":"N\u00e4h- und Strickma\u00df"},"content":{"rendered":"<p>Zum Messen und Markieren. 3 in 1 Werkzeug. Zum Messen und Markieren. Wendestab zum Lockern von Spitzen an<br \/>\nManschetten, Kragen etc. Knopflehre zum Hinzuf\u00fcgen von Kn\u00f6pfen bei Verwendung der N\u00e4hmaschine.<\/p>\n","protected":false},"excerpt":{"rendered":"<p>Zum Messen und Markieren. 3 in 1 Werkzeug. Zum Messen und Markieren. Wendestab zum Lockern von Spitzen an Manschetten, Kragen etc. Knopflehre zum Hinzuf\u00fcgen von Kn\u00f6pfen bei Verwendung der N\u00e4hmaschine.<\/p>\n","protected":false},"featured_media":13849,"template":"","meta":{"_mi_skip_tracking":false},"product_cat":[12261],"product_tag":[12260],"_links":{"self":[{"href":"https:\/\/hemlinegreen.htl.whale-castle.com\/de\/wp-json\/wp\/v2\/product\/18396"}],"collection":[{"href":"https:\/\/hemlinegreen.htl.whale-castle.com\/de\/wp-json\/wp\/v2\/product"}],"about":[{"href":"https:\/\/hemlinegreen.htl.whale-castle.com\/de\/wp-json\/wp\/v2\/types\/product"}],"wp:featuredmedia":[{"embeddable":true,"href":"https:\/\/hemlinegreen.htl.whale-castle.com\/de\/wp-json\/wp\/v2\/media\/13849"}],"wp:attachment":[{"href":"https:\/\/hemlinegreen.htl.whale-castle.com\/de\/wp-json\/wp\/v2\/media?parent=18396"}],"wp:term":[{"taxonomy":"product_cat","embeddable":true,"href":"https:\/\/hemlinegreen.htl.whale-castle.com\/de\/wp-json\/wp\/v2\/product_cat?post=18396"},{"taxonomy":"product_tag","embeddable":true,"href":"https:\/\/hemlinegreen.htl.whale-castle.com\/de\/wp-json\/wp\/v2\/product_tag?post=18396"}],"curies":[{"name":"wp","href":"https:\/\/api.w.org\/{rel}","templated":true}]}}