{"id":18395,"date":"2023-01-27T18:05:58","date_gmt":"2023-01-27T10:05:58","guid":{"rendered":"https:\/\/hemlinegreen.htl.whale-castle.com\/de\/product\/quilt-masband\/"},"modified":"2023-01-30T15:52:47","modified_gmt":"2023-01-30T07:52:47","slug":"quilt-masband","status":"publish","type":"product","link":"https:\/\/hemlinegreen.htl.whale-castle.com\/de\/product\/quilt-masband\/","title":{"rendered":"Quilt Ma\u00dfband"},"content":{"rendered":"<p>Extra lang. Metrische und imperiale Ma\u00dfe. Das extra lange 3 m Ma\u00dfband ist besonders praktisch zum Quilten. Alle Hemline-Ma\u00dfb\u00e4nder sind glasfaserverst\u00e4rkt, um ein m\u00f6gliches Dehnen oder Verziehen zu vermeiden.<\/p>\n","protected":false},"excerpt":{"rendered":"<p>Extra lang. Metrische und imperiale Ma\u00dfe. Das extra lange 3 m Ma\u00dfband ist besonders praktisch zum Quilten. Alle Hemline-Ma\u00dfb\u00e4nder sind glasfaserverst\u00e4rkt, um ein m\u00f6gliches Dehnen oder Verziehen zu vermeiden.<\/p>\n","protected":false},"featured_media":13847,"template":"","meta":{"_mi_skip_tracking":false},"product_cat":[12258],"product_tag":[12259],"_links":{"self":[{"href":"https:\/\/hemlinegreen.htl.whale-castle.com\/de\/wp-json\/wp\/v2\/product\/18395"}],"collection":[{"href":"https:\/\/hemlinegreen.htl.whale-castle.com\/de\/wp-json\/wp\/v2\/product"}],"about":[{"href":"https:\/\/hemlinegreen.htl.whale-castle.com\/de\/wp-json\/wp\/v2\/types\/product"}],"wp:featuredmedia":[{"embeddable":true,"href":"https:\/\/hemlinegreen.htl.whale-castle.com\/de\/wp-json\/wp\/v2\/media\/13847"}],"wp:attachment":[{"href":"https:\/\/hemlinegreen.htl.whale-castle.com\/de\/wp-json\/wp\/v2\/media?parent=18395"}],"wp:term":[{"taxonomy":"product_cat","embeddable":true,"href":"https:\/\/hemlinegreen.htl.whale-castle.com\/de\/wp-json\/wp\/v2\/product_cat?post=18395"},{"taxonomy":"product_tag","embeddable":true,"href":"https:\/\/hemlinegreen.htl.whale-castle.com\/de\/wp-json\/wp\/v2\/product_tag?post=18395"}],"curies":[{"name":"wp","href":"https:\/\/api.w.org\/{rel}","templated":true}]}}