{"id":18394,"date":"2023-01-27T18:05:57","date_gmt":"2023-01-27T10:05:57","guid":{"rendered":"https:\/\/hemlinegreen.htl.whale-castle.com\/de\/product\/masband\/"},"modified":"2023-01-30T15:52:47","modified_gmt":"2023-01-30T07:52:47","slug":"masband","status":"publish","type":"product","link":"https:\/\/hemlinegreen.htl.whale-castle.com\/de\/product\/masband\/","title":{"rendered":"Ma\u00dfband"},"content":{"rendered":"<p>Metrische und imperiale Ma\u00dfe. Metrische Seite des Ma\u00dfbandes, deutlich markierte 10-cm-Abschnitte. Klare und pr\u00e4zise Zollma\u00dfe auf der R\u00fcckseite. Alle Hemline-Ma\u00dfb\u00e4nder sind glasfaserverst\u00e4rkt, um ein m\u00f6gliches Dehnen oder Verziehen zu vermeiden.<\/p>\n","protected":false},"excerpt":{"rendered":"<p>Metrische und imperiale Ma\u00dfe. Metrische Seite des Ma\u00dfbandes, deutlich markierte 10-cm-Abschnitte. Klare und pr\u00e4zise Zollma\u00dfe auf der R\u00fcckseite. Alle Hemline-Ma\u00dfb\u00e4nder sind glasfaserverst\u00e4rkt, um ein m\u00f6gliches Dehnen oder Verziehen zu vermeiden.<\/p>\n","protected":false},"featured_media":13845,"template":"","meta":{"_mi_skip_tracking":false},"product_cat":[12258],"product_tag":[12257],"_links":{"self":[{"href":"https:\/\/hemlinegreen.htl.whale-castle.com\/de\/wp-json\/wp\/v2\/product\/18394"}],"collection":[{"href":"https:\/\/hemlinegreen.htl.whale-castle.com\/de\/wp-json\/wp\/v2\/product"}],"about":[{"href":"https:\/\/hemlinegreen.htl.whale-castle.com\/de\/wp-json\/wp\/v2\/types\/product"}],"wp:featuredmedia":[{"embeddable":true,"href":"https:\/\/hemlinegreen.htl.whale-castle.com\/de\/wp-json\/wp\/v2\/media\/13845"}],"wp:attachment":[{"href":"https:\/\/hemlinegreen.htl.whale-castle.com\/de\/wp-json\/wp\/v2\/media?parent=18394"}],"wp:term":[{"taxonomy":"product_cat","embeddable":true,"href":"https:\/\/hemlinegreen.htl.whale-castle.com\/de\/wp-json\/wp\/v2\/product_cat?post=18394"},{"taxonomy":"product_tag","embeddable":true,"href":"https:\/\/hemlinegreen.htl.whale-castle.com\/de\/wp-json\/wp\/v2\/product_tag?post=18394"}],"curies":[{"name":"wp","href":"https:\/\/api.w.org\/{rel}","templated":true}]}}