{"id":18393,"date":"2023-01-27T18:05:57","date_gmt":"2023-01-27T10:05:57","guid":{"rendered":"https:\/\/hemlinegreen.htl.whale-castle.com\/de\/product\/durchziehnadeln\/"},"modified":"2023-01-30T15:52:47","modified_gmt":"2023-01-30T07:52:47","slug":"durchziehnadeln","status":"publish","type":"product","link":"https:\/\/hemlinegreen.htl.whale-castle.com\/de\/product\/durchziehnadeln\/","title":{"rendered":"Durchziehnadeln"},"content":{"rendered":"<p>Enth\u00e4lt 2 Typen von Nadeln, eine f\u00fcr Elastikb\u00e4nder und eine f\u00fcr Schleifen. PINCH-TYP: Zum Bauschen von Elastikb\u00e4ndern, Verzierungen. THREAD-TYP: Zum Einf\u00e4deln von B\u00e4ndern, feinen Gummib\u00e4ndern und Rouleau-Schl\u00e4uchen durch Geh\u00e4use und \u00d6sen.<\/p>\n","protected":false},"excerpt":{"rendered":"<p>Enth\u00e4lt 2 Typen von Nadeln, eine f\u00fcr Elastikb\u00e4nder und eine f\u00fcr Schleifen. PINCH-TYP: Zum Bauschen von Elastikb\u00e4ndern, Verzierungen. THREAD-TYP: Zum Einf\u00e4deln von B\u00e4ndern, feinen Gummib\u00e4ndern und Rouleau-Schl\u00e4uchen durch Geh\u00e4use und \u00d6sen.<\/p>\n","protected":false},"featured_media":13843,"template":"","meta":{"_mi_skip_tracking":false},"product_cat":[12256],"product_tag":[12255],"_links":{"self":[{"href":"https:\/\/hemlinegreen.htl.whale-castle.com\/de\/wp-json\/wp\/v2\/product\/18393"}],"collection":[{"href":"https:\/\/hemlinegreen.htl.whale-castle.com\/de\/wp-json\/wp\/v2\/product"}],"about":[{"href":"https:\/\/hemlinegreen.htl.whale-castle.com\/de\/wp-json\/wp\/v2\/types\/product"}],"wp:featuredmedia":[{"embeddable":true,"href":"https:\/\/hemlinegreen.htl.whale-castle.com\/de\/wp-json\/wp\/v2\/media\/13843"}],"wp:attachment":[{"href":"https:\/\/hemlinegreen.htl.whale-castle.com\/de\/wp-json\/wp\/v2\/media?parent=18393"}],"wp:term":[{"taxonomy":"product_cat","embeddable":true,"href":"https:\/\/hemlinegreen.htl.whale-castle.com\/de\/wp-json\/wp\/v2\/product_cat?post=18393"},{"taxonomy":"product_tag","embeddable":true,"href":"https:\/\/hemlinegreen.htl.whale-castle.com\/de\/wp-json\/wp\/v2\/product_tag?post=18393"}],"curies":[{"name":"wp","href":"https:\/\/api.w.org\/{rel}","templated":true}]}}