{"id":18383,"date":"2023-01-27T18:05:50","date_gmt":"2023-01-27T10:05:50","guid":{"rendered":"https:\/\/hemlinegreen.htl.whale-castle.com\/de\/product\/nadeleinfadler-2\/"},"modified":"2023-01-30T15:52:44","modified_gmt":"2023-01-30T07:52:44","slug":"nadeleinfadler-2","status":"publish","type":"product","link":"https:\/\/hemlinegreen.htl.whale-castle.com\/de\/product\/nadeleinfadler-2\/","title":{"rendered":"Nadeleinf\u00e4dler"},"content":{"rendered":"<p>F\u00fcr N\u00e4h- oder Maschinennadeln.<\/p>\n","protected":false},"excerpt":{"rendered":"<p>F\u00fcr N\u00e4h- oder Maschinennadeln.<\/p>\n","protected":false},"featured_media":13823,"template":"","meta":{"_mi_skip_tracking":false},"product_cat":[12241],"product_tag":[12240],"_links":{"self":[{"href":"https:\/\/hemlinegreen.htl.whale-castle.com\/de\/wp-json\/wp\/v2\/product\/18383"}],"collection":[{"href":"https:\/\/hemlinegreen.htl.whale-castle.com\/de\/wp-json\/wp\/v2\/product"}],"about":[{"href":"https:\/\/hemlinegreen.htl.whale-castle.com\/de\/wp-json\/wp\/v2\/types\/product"}],"wp:featuredmedia":[{"embeddable":true,"href":"https:\/\/hemlinegreen.htl.whale-castle.com\/de\/wp-json\/wp\/v2\/media\/13823"}],"wp:attachment":[{"href":"https:\/\/hemlinegreen.htl.whale-castle.com\/de\/wp-json\/wp\/v2\/media?parent=18383"}],"wp:term":[{"taxonomy":"product_cat","embeddable":true,"href":"https:\/\/hemlinegreen.htl.whale-castle.com\/de\/wp-json\/wp\/v2\/product_cat?post=18383"},{"taxonomy":"product_tag","embeddable":true,"href":"https:\/\/hemlinegreen.htl.whale-castle.com\/de\/wp-json\/wp\/v2\/product_tag?post=18383"}],"curies":[{"name":"wp","href":"https:\/\/api.w.org\/{rel}","templated":true}]}}