{"id":18382,"date":"2023-01-27T18:05:50","date_gmt":"2023-01-27T10:05:50","guid":{"rendered":"https:\/\/hemlinegreen.htl.whale-castle.com\/de\/product\/nadeleinfadler-mit-lupe\/"},"modified":"2023-01-30T15:52:44","modified_gmt":"2023-01-30T07:52:44","slug":"nadeleinfadler-mit-lupe","status":"publish","type":"product","link":"https:\/\/hemlinegreen.htl.whale-castle.com\/de\/product\/nadeleinfadler-mit-lupe\/","title":{"rendered":"Nadeleinf\u00e4dler mit Lupe"},"content":{"rendered":"<p>Mit Lupe zum Vergr\u00f6\u00dfern des Nadel\u00f6hrs.<\/p>\n","protected":false},"excerpt":{"rendered":"<p>Mit Lupe zum Vergr\u00f6\u00dfern des Nadel\u00f6hrs.<\/p>\n","protected":false},"featured_media":13821,"template":"","meta":{"_mi_skip_tracking":false},"product_cat":[12241],"product_tag":[12242],"_links":{"self":[{"href":"https:\/\/hemlinegreen.htl.whale-castle.com\/de\/wp-json\/wp\/v2\/product\/18382"}],"collection":[{"href":"https:\/\/hemlinegreen.htl.whale-castle.com\/de\/wp-json\/wp\/v2\/product"}],"about":[{"href":"https:\/\/hemlinegreen.htl.whale-castle.com\/de\/wp-json\/wp\/v2\/types\/product"}],"wp:featuredmedia":[{"embeddable":true,"href":"https:\/\/hemlinegreen.htl.whale-castle.com\/de\/wp-json\/wp\/v2\/media\/13821"}],"wp:attachment":[{"href":"https:\/\/hemlinegreen.htl.whale-castle.com\/de\/wp-json\/wp\/v2\/media?parent=18382"}],"wp:term":[{"taxonomy":"product_cat","embeddable":true,"href":"https:\/\/hemlinegreen.htl.whale-castle.com\/de\/wp-json\/wp\/v2\/product_cat?post=18382"},{"taxonomy":"product_tag","embeddable":true,"href":"https:\/\/hemlinegreen.htl.whale-castle.com\/de\/wp-json\/wp\/v2\/product_tag?post=18382"}],"curies":[{"name":"wp","href":"https:\/\/api.w.org\/{rel}","templated":true}]}}