{"id":18380,"date":"2023-01-27T18:05:49","date_gmt":"2023-01-27T10:05:49","guid":{"rendered":"https:\/\/hemlinegreen.htl.whale-castle.com\/de\/product\/easy-einzieher\/"},"modified":"2023-01-30T15:52:44","modified_gmt":"2023-01-30T07:52:44","slug":"easy-einzieher","status":"publish","type":"product","link":"https:\/\/hemlinegreen.htl.whale-castle.com\/de\/product\/easy-einzieher\/","title":{"rendered":"Easy Einzieher"},"content":{"rendered":"<p>Ideal zum Ersetzen oder Hinzuf\u00fcgen von Zugb\u00e4ndern in jedem Kleidungsst\u00fcck. Schnell und einfach zu verwenden. Ideal f\u00fcr Pyjamas, Jacken, Kapuzen, Sweatshirts, Anorkas, Badeanz\u00fcge usw.<\/p>\n","protected":false},"excerpt":{"rendered":"<p>https:\/\/www.youtube.com\/watch?v=N_56hdQhB_w<\/p>\n","protected":false},"featured_media":13817,"template":"","meta":{"_mi_skip_tracking":false},"product_cat":[12239],"product_tag":[12238],"_links":{"self":[{"href":"https:\/\/hemlinegreen.htl.whale-castle.com\/de\/wp-json\/wp\/v2\/product\/18380"}],"collection":[{"href":"https:\/\/hemlinegreen.htl.whale-castle.com\/de\/wp-json\/wp\/v2\/product"}],"about":[{"href":"https:\/\/hemlinegreen.htl.whale-castle.com\/de\/wp-json\/wp\/v2\/types\/product"}],"wp:featuredmedia":[{"embeddable":true,"href":"https:\/\/hemlinegreen.htl.whale-castle.com\/de\/wp-json\/wp\/v2\/media\/13817"}],"wp:attachment":[{"href":"https:\/\/hemlinegreen.htl.whale-castle.com\/de\/wp-json\/wp\/v2\/media?parent=18380"}],"wp:term":[{"taxonomy":"product_cat","embeddable":true,"href":"https:\/\/hemlinegreen.htl.whale-castle.com\/de\/wp-json\/wp\/v2\/product_cat?post=18380"},{"taxonomy":"product_tag","embeddable":true,"href":"https:\/\/hemlinegreen.htl.whale-castle.com\/de\/wp-json\/wp\/v2\/product_tag?post=18380"}],"curies":[{"name":"wp","href":"https:\/\/api.w.org\/{rel}","templated":true}]}}