{"id":18379,"date":"2023-01-27T18:05:49","date_gmt":"2023-01-27T10:05:49","guid":{"rendered":"https:\/\/hemlinegreen.htl.whale-castle.com\/de\/product\/polsterernadeln\/"},"modified":"2023-01-30T15:52:44","modified_gmt":"2023-01-30T07:52:44","slug":"polsterernadeln","status":"publish","type":"product","link":"https:\/\/hemlinegreen.htl.whale-castle.com\/de\/product\/polsterernadeln\/","title":{"rendered":"Polsterernadeln"},"content":{"rendered":"<p>3 Gr\u00f6\u00dfen f\u00fcr eine Vielzahl von Projekten. Gebogene Metallnadeln mit langem Nadel\u00f6hr, ideal zum N\u00e4hen und<br \/>\nReparieren. Das lange Nadel\u00f6hr erm\u00f6glicht ein einfaches Einf\u00e4deln von F\u00e4den oder Garnen unterschiedlicher Dicke.<\/p>\n","protected":false},"excerpt":{"rendered":"<p>3 Gr\u00f6\u00dfen f\u00fcr eine Vielzahl von Projekten. Gebogene Metallnadeln mit langem Nadel\u00f6hr, ideal zum N\u00e4hen und Reparieren. Das lange Nadel\u00f6hr erm\u00f6glicht ein einfaches Einf\u00e4deln von F\u00e4den oder Garnen unterschiedlicher Dicke.<\/p>\n","protected":false},"featured_media":13815,"template":"","meta":{"_mi_skip_tracking":false},"product_cat":[12237],"product_tag":[12236],"_links":{"self":[{"href":"https:\/\/hemlinegreen.htl.whale-castle.com\/de\/wp-json\/wp\/v2\/product\/18379"}],"collection":[{"href":"https:\/\/hemlinegreen.htl.whale-castle.com\/de\/wp-json\/wp\/v2\/product"}],"about":[{"href":"https:\/\/hemlinegreen.htl.whale-castle.com\/de\/wp-json\/wp\/v2\/types\/product"}],"wp:featuredmedia":[{"embeddable":true,"href":"https:\/\/hemlinegreen.htl.whale-castle.com\/de\/wp-json\/wp\/v2\/media\/13815"}],"wp:attachment":[{"href":"https:\/\/hemlinegreen.htl.whale-castle.com\/de\/wp-json\/wp\/v2\/media?parent=18379"}],"wp:term":[{"taxonomy":"product_cat","embeddable":true,"href":"https:\/\/hemlinegreen.htl.whale-castle.com\/de\/wp-json\/wp\/v2\/product_cat?post=18379"},{"taxonomy":"product_tag","embeddable":true,"href":"https:\/\/hemlinegreen.htl.whale-castle.com\/de\/wp-json\/wp\/v2\/product_tag?post=18379"}],"curies":[{"name":"wp","href":"https:\/\/api.w.org\/{rel}","templated":true}]}}