{"id":18377,"date":"2023-01-27T18:05:48","date_gmt":"2023-01-27T10:05:48","guid":{"rendered":"https:\/\/hemlinegreen.htl.whale-castle.com\/de\/product\/fur-einfaches-einfadeln-4-8\/"},"modified":"2023-01-30T15:52:43","modified_gmt":"2023-01-30T07:52:43","slug":"fur-einfaches-einfadeln-4-8","status":"publish","type":"product","link":"https:\/\/hemlinegreen.htl.whale-castle.com\/de\/product\/fur-einfaches-einfadeln-4-8\/","title":{"rendered":"F\u00fcr Einfaches Einf\u00e4deln 4-8"},"content":{"rendered":"<p>Unsere Handn\u00e4hnadeln zum einfachen Einf\u00e4deln sind standardm\u00e4\u00dfige Sharps-Nadeln mit einem zus\u00e4tzlichen<br \/>\noffenen oberen Nadel\u00f6hr.<\/p>\n","protected":false},"excerpt":{"rendered":"<p>Unsere Handn\u00e4hnadeln zum einfachen Einf\u00e4deln sind standardm\u00e4\u00dfige Sharps-Nadeln mit einem zus\u00e4tzlichen offenen oberen Nadel\u00f6hr.<\/p>\n","protected":false},"featured_media":13811,"template":"","meta":{"_mi_skip_tracking":false},"product_cat":[12233],"product_tag":[12232],"_links":{"self":[{"href":"https:\/\/hemlinegreen.htl.whale-castle.com\/de\/wp-json\/wp\/v2\/product\/18377"}],"collection":[{"href":"https:\/\/hemlinegreen.htl.whale-castle.com\/de\/wp-json\/wp\/v2\/product"}],"about":[{"href":"https:\/\/hemlinegreen.htl.whale-castle.com\/de\/wp-json\/wp\/v2\/types\/product"}],"wp:featuredmedia":[{"embeddable":true,"href":"https:\/\/hemlinegreen.htl.whale-castle.com\/de\/wp-json\/wp\/v2\/media\/13811"}],"wp:attachment":[{"href":"https:\/\/hemlinegreen.htl.whale-castle.com\/de\/wp-json\/wp\/v2\/media?parent=18377"}],"wp:term":[{"taxonomy":"product_cat","embeddable":true,"href":"https:\/\/hemlinegreen.htl.whale-castle.com\/de\/wp-json\/wp\/v2\/product_cat?post=18377"},{"taxonomy":"product_tag","embeddable":true,"href":"https:\/\/hemlinegreen.htl.whale-castle.com\/de\/wp-json\/wp\/v2\/product_tag?post=18377"}],"curies":[{"name":"wp","href":"https:\/\/api.w.org\/{rel}","templated":true}]}}