{"id":18375,"date":"2023-01-27T18:05:47","date_gmt":"2023-01-27T10:05:47","guid":{"rendered":"https:\/\/hemlinegreen.htl.whale-castle.com\/de\/product\/handarbeitsnadeln\/"},"modified":"2023-01-30T15:52:43","modified_gmt":"2023-01-30T07:52:43","slug":"handarbeitsnadeln","status":"publish","type":"product","link":"https:\/\/hemlinegreen.htl.whale-castle.com\/de\/product\/handarbeitsnadeln\/","title":{"rendered":"Handarbeitsnadeln"},"content":{"rendered":"<p>Zum N\u00e4hen und Reparieren zu Hause. Gemischte Gr\u00f6\u00dfen. 6 verschiedene Nadeln enthalten, Mehrzweck.<\/p>\n","protected":false},"excerpt":{"rendered":"<p>Zum N\u00e4hen und Reparieren zu Hause. Gemischte Gr\u00f6\u00dfen. 6 verschiedene Nadeln enthalten, Mehrzweck.<\/p>\n","protected":false},"featured_media":13807,"template":"","meta":{"_mi_skip_tracking":false},"product_cat":[12229],"product_tag":[12228],"_links":{"self":[{"href":"https:\/\/hemlinegreen.htl.whale-castle.com\/de\/wp-json\/wp\/v2\/product\/18375"}],"collection":[{"href":"https:\/\/hemlinegreen.htl.whale-castle.com\/de\/wp-json\/wp\/v2\/product"}],"about":[{"href":"https:\/\/hemlinegreen.htl.whale-castle.com\/de\/wp-json\/wp\/v2\/types\/product"}],"wp:featuredmedia":[{"embeddable":true,"href":"https:\/\/hemlinegreen.htl.whale-castle.com\/de\/wp-json\/wp\/v2\/media\/13807"}],"wp:attachment":[{"href":"https:\/\/hemlinegreen.htl.whale-castle.com\/de\/wp-json\/wp\/v2\/media?parent=18375"}],"wp:term":[{"taxonomy":"product_cat","embeddable":true,"href":"https:\/\/hemlinegreen.htl.whale-castle.com\/de\/wp-json\/wp\/v2\/product_cat?post=18375"},{"taxonomy":"product_tag","embeddable":true,"href":"https:\/\/hemlinegreen.htl.whale-castle.com\/de\/wp-json\/wp\/v2\/product_tag?post=18375"}],"curies":[{"name":"wp","href":"https:\/\/api.w.org\/{rel}","templated":true}]}}