{"id":18374,"date":"2023-01-27T18:05:47","date_gmt":"2023-01-27T10:05:47","guid":{"rendered":"https:\/\/hemlinegreen.htl.whale-castle.com\/de\/product\/puppen-polsternadeln\/"},"modified":"2023-01-30T15:52:42","modified_gmt":"2023-01-30T07:52:42","slug":"puppen-polsternadeln","status":"publish","type":"product","link":"https:\/\/hemlinegreen.htl.whale-castle.com\/de\/product\/puppen-polsternadeln\/","title":{"rendered":"Puppen &#038; Polsternadeln"},"content":{"rendered":"<p>F\u00fcr Stoffpuppen, Teddys, Buchbinden und Quilten. Gemischte Gr\u00f6\u00dfen. Scharfe Nadelspitze und gro\u00dfes Nadel\u00f6hr. Ideal f\u00fcr Stoffpuppen, Teddys, Buchbinden und Quilten.<\/p>\n","protected":false},"excerpt":{"rendered":"<p>F\u00fcr Stoffpuppen, Teddys, Buchbinden und Quilten. Gemischte Gr\u00f6\u00dfen. Scharfe Nadelspitze und gro\u00dfes Nadel\u00f6hr. Ideal f\u00fcr Stoffpuppen, Teddys, Buchbinden und Quilten.<\/p>\n","protected":false},"featured_media":13805,"template":"","meta":{"_mi_skip_tracking":false},"product_cat":[12227],"product_tag":[12226],"_links":{"self":[{"href":"https:\/\/hemlinegreen.htl.whale-castle.com\/de\/wp-json\/wp\/v2\/product\/18374"}],"collection":[{"href":"https:\/\/hemlinegreen.htl.whale-castle.com\/de\/wp-json\/wp\/v2\/product"}],"about":[{"href":"https:\/\/hemlinegreen.htl.whale-castle.com\/de\/wp-json\/wp\/v2\/types\/product"}],"wp:featuredmedia":[{"embeddable":true,"href":"https:\/\/hemlinegreen.htl.whale-castle.com\/de\/wp-json\/wp\/v2\/media\/13805"}],"wp:attachment":[{"href":"https:\/\/hemlinegreen.htl.whale-castle.com\/de\/wp-json\/wp\/v2\/media?parent=18374"}],"wp:term":[{"taxonomy":"product_cat","embeddable":true,"href":"https:\/\/hemlinegreen.htl.whale-castle.com\/de\/wp-json\/wp\/v2\/product_cat?post=18374"},{"taxonomy":"product_tag","embeddable":true,"href":"https:\/\/hemlinegreen.htl.whale-castle.com\/de\/wp-json\/wp\/v2\/product_tag?post=18374"}],"curies":[{"name":"wp","href":"https:\/\/api.w.org\/{rel}","templated":true}]}}