{"id":18372,"date":"2023-01-27T18:05:46","date_gmt":"2023-01-27T10:05:46","guid":{"rendered":"https:\/\/hemlinegreen.htl.whale-castle.com\/de\/product\/puppennadeln\/"},"modified":"2023-01-30T15:52:42","modified_gmt":"2023-01-30T07:52:42","slug":"puppennadeln","status":"publish","type":"product","link":"https:\/\/hemlinegreen.htl.whale-castle.com\/de\/product\/puppennadeln\/","title":{"rendered":"Puppennadeln"},"content":{"rendered":"<p>Ideal f\u00fcr Stoffpuppenk\u00fcnstler:innen, Stofftierliebhaber und Teddyb\u00e4rmacher. 3 Gr\u00f6\u00dfen.<\/p>\n","protected":false},"excerpt":{"rendered":"<p>Ideal f\u00fcr Stoffpuppenk\u00fcnstler:innen, Stofftierliebhaber und Teddyb\u00e4rmacher. 3 Gr\u00f6\u00dfen.<\/p>\n","protected":false},"featured_media":13801,"template":"","meta":{"_mi_skip_tracking":false},"product_cat":[12223],"product_tag":[12222],"_links":{"self":[{"href":"https:\/\/hemlinegreen.htl.whale-castle.com\/de\/wp-json\/wp\/v2\/product\/18372"}],"collection":[{"href":"https:\/\/hemlinegreen.htl.whale-castle.com\/de\/wp-json\/wp\/v2\/product"}],"about":[{"href":"https:\/\/hemlinegreen.htl.whale-castle.com\/de\/wp-json\/wp\/v2\/types\/product"}],"wp:featuredmedia":[{"embeddable":true,"href":"https:\/\/hemlinegreen.htl.whale-castle.com\/de\/wp-json\/wp\/v2\/media\/13801"}],"wp:attachment":[{"href":"https:\/\/hemlinegreen.htl.whale-castle.com\/de\/wp-json\/wp\/v2\/media?parent=18372"}],"wp:term":[{"taxonomy":"product_cat","embeddable":true,"href":"https:\/\/hemlinegreen.htl.whale-castle.com\/de\/wp-json\/wp\/v2\/product_cat?post=18372"},{"taxonomy":"product_tag","embeddable":true,"href":"https:\/\/hemlinegreen.htl.whale-castle.com\/de\/wp-json\/wp\/v2\/product_tag?post=18372"}],"curies":[{"name":"wp","href":"https:\/\/api.w.org\/{rel}","templated":true}]}}