{"id":18371,"date":"2023-01-27T18:05:46","date_gmt":"2023-01-27T10:05:46","guid":{"rendered":"https:\/\/hemlinegreen.htl.whale-castle.com\/de\/product\/wollnadeln-groses-nadelohr\/"},"modified":"2023-01-30T15:52:42","modified_gmt":"2023-01-30T07:52:42","slug":"wollnadeln-groses-nadelohr","status":"publish","type":"product","link":"https:\/\/hemlinegreen.htl.whale-castle.com\/de\/product\/wollnadeln-groses-nadelohr\/","title":{"rendered":"Wollnadeln Gro\u00dfes Nadel\u00f6hr"},"content":{"rendered":"<p>Sicher in der Anwendung und einfach einzuf\u00e4deln. Gro\u00dfes Nadel\u00f6hr. Zum Zusammenn\u00e4hen von gestrickten oder geh\u00e4kelten Kleidungsst\u00fccken.<\/p>\n","protected":false},"excerpt":{"rendered":"<p>Sicher in der Anwendung und einfach einzuf\u00e4deln. Gro\u00dfes Nadel\u00f6hr. Zum Zusammenn\u00e4hen von gestrickten oder geh\u00e4kelten Kleidungsst\u00fccken.<\/p>\n","protected":false},"featured_media":13799,"template":"","meta":{"_mi_skip_tracking":false},"product_cat":[12221],"product_tag":[12220],"_links":{"self":[{"href":"https:\/\/hemlinegreen.htl.whale-castle.com\/de\/wp-json\/wp\/v2\/product\/18371"}],"collection":[{"href":"https:\/\/hemlinegreen.htl.whale-castle.com\/de\/wp-json\/wp\/v2\/product"}],"about":[{"href":"https:\/\/hemlinegreen.htl.whale-castle.com\/de\/wp-json\/wp\/v2\/types\/product"}],"wp:featuredmedia":[{"embeddable":true,"href":"https:\/\/hemlinegreen.htl.whale-castle.com\/de\/wp-json\/wp\/v2\/media\/13799"}],"wp:attachment":[{"href":"https:\/\/hemlinegreen.htl.whale-castle.com\/de\/wp-json\/wp\/v2\/media?parent=18371"}],"wp:term":[{"taxonomy":"product_cat","embeddable":true,"href":"https:\/\/hemlinegreen.htl.whale-castle.com\/de\/wp-json\/wp\/v2\/product_cat?post=18371"},{"taxonomy":"product_tag","embeddable":true,"href":"https:\/\/hemlinegreen.htl.whale-castle.com\/de\/wp-json\/wp\/v2\/product_tag?post=18371"}],"curies":[{"name":"wp","href":"https:\/\/api.w.org\/{rel}","templated":true}]}}