{"id":18370,"date":"2023-01-27T18:05:45","date_gmt":"2023-01-27T10:05:45","guid":{"rendered":"https:\/\/hemlinegreen.htl.whale-castle.com\/de\/product\/gemischtes-sortiment\/"},"modified":"2023-01-30T15:52:42","modified_gmt":"2023-01-30T07:52:42","slug":"gemischtes-sortiment","status":"publish","type":"product","link":"https:\/\/hemlinegreen.htl.whale-castle.com\/de\/product\/gemischtes-sortiment\/","title":{"rendered":"Gemischtes Sortiment"},"content":{"rendered":"<p>Bietet eine umfassende Auswahl an Nadeln f\u00fcr alle wichtigen Haushaltsbed\u00fcrfnisse. 1. N\u00e4hnadeln lang &#8211; Allgemeiner Gebrauch 2. Sticknadeln mit feiner Spitze &#8211; Langes Nadel\u00f6hr zum leichteren Einf\u00e4deln 3. Quilt-N\u00e4hnadeln &#8211; Feine und kurze Nadeln f\u00fcr schnelles und gleichm\u00e4\u00dfiges N\u00e4hen 4. N\u00e4hnadeln Jersey mit Kugelspitze &#8211;<br \/>\nZum N\u00e4hen von elastischen Stoffen 5. Canvas Nadeln &#8211; Gro\u00dfes Nadel\u00f6hr und langer Nadelschaft f\u00fcr dichte, dicke Stoffe.<\/p>\n","protected":false},"excerpt":{"rendered":"<p>Bietet eine umfassende Auswahl an Nadeln f\u00fcr alle wichtigen Haushaltsbed\u00fcrfnisse. 1. N\u00e4hnadeln lang &#8211; Allgemeiner Gebrauch 2. Sticknadeln mit feiner Spitze &#8211; Langes Nadel\u00f6hr zum leichteren Einf\u00e4deln 3. Quilt-N\u00e4hnadeln &#8211; Feine und kurze Nadeln f\u00fcr schnelles und gleichm\u00e4\u00dfiges N\u00e4hen 4. N\u00e4hnadeln Jersey mit Kugelspitze &#8211; Zum N\u00e4hen von elastischen Stoffen 5. Canvas Nadeln &#8211; Gro\u00dfes &hellip; <br \/><a href=\"https:\/\/hemlinegreen.htl.whale-castle.com\/de\/product\/gemischtes-sortiment\/\" class=\"more-link\">Continue reading <span class=\"screen-reader-text\">Gemischtes Sortiment<\/span><\/a><\/p>\n","protected":false},"featured_media":13797,"template":"","meta":{"_mi_skip_tracking":false},"product_cat":[12219],"product_tag":[12218],"_links":{"self":[{"href":"https:\/\/hemlinegreen.htl.whale-castle.com\/de\/wp-json\/wp\/v2\/product\/18370"}],"collection":[{"href":"https:\/\/hemlinegreen.htl.whale-castle.com\/de\/wp-json\/wp\/v2\/product"}],"about":[{"href":"https:\/\/hemlinegreen.htl.whale-castle.com\/de\/wp-json\/wp\/v2\/types\/product"}],"wp:featuredmedia":[{"embeddable":true,"href":"https:\/\/hemlinegreen.htl.whale-castle.com\/de\/wp-json\/wp\/v2\/media\/13797"}],"wp:attachment":[{"href":"https:\/\/hemlinegreen.htl.whale-castle.com\/de\/wp-json\/wp\/v2\/media?parent=18370"}],"wp:term":[{"taxonomy":"product_cat","embeddable":true,"href":"https:\/\/hemlinegreen.htl.whale-castle.com\/de\/wp-json\/wp\/v2\/product_cat?post=18370"},{"taxonomy":"product_tag","embeddable":true,"href":"https:\/\/hemlinegreen.htl.whale-castle.com\/de\/wp-json\/wp\/v2\/product_tag?post=18370"}],"curies":[{"name":"wp","href":"https:\/\/api.w.org\/{rel}","templated":true}]}}