{"id":18369,"date":"2023-01-27T18:05:45","date_gmt":"2023-01-27T10:05:45","guid":{"rendered":"https:\/\/hemlinegreen.htl.whale-castle.com\/de\/product\/nahnadeln-gemischtes-sortiment-2\/"},"modified":"2023-01-30T15:52:42","modified_gmt":"2023-01-30T07:52:42","slug":"nahnadeln-gemischtes-sortiment-2","status":"publish","type":"product","link":"https:\/\/hemlinegreen.htl.whale-castle.com\/de\/product\/nahnadeln-gemischtes-sortiment-2\/","title":{"rendered":"N\u00e4hnadeln &#8211; Gemischtes Sortiment"},"content":{"rendered":"<p>Quilt-N\u00e4hnadeln, halblang &#8211; Kleine und feine Nadeln, die zum Quilten und N\u00e4hen verwendet werden. N\u00e4hnadeln lang &#8211; F\u00fcr allgemeine N\u00e4hzwecke. Sticknadeln ohne Spitze &#8211; Gro\u00dfes Nadel\u00f6hr und stumpfe Nadelspitze. Sticknadeln mit feiner Spitze &#8211; Langes Nadel\u00f6hr zum leichteren Einf\u00e4deln.<\/p>\n","protected":false},"excerpt":{"rendered":"<p>Quilt-N\u00e4hnadeln, halblang &#8211; Kleine und feine Nadeln, die zum Quilten und N\u00e4hen verwendet werden. N\u00e4hnadeln lang &#8211; F\u00fcr allgemeine N\u00e4hzwecke. Sticknadeln ohne Spitze &#8211; Gro\u00dfes Nadel\u00f6hr und stumpfe Nadelspitze. Sticknadeln mit feiner Spitze &#8211; Langes Nadel\u00f6hr zum leichteren Einf\u00e4deln.<\/p>\n","protected":false},"featured_media":13795,"template":"","meta":{"_mi_skip_tracking":false},"product_cat":[12203],"product_tag":[12217],"_links":{"self":[{"href":"https:\/\/hemlinegreen.htl.whale-castle.com\/de\/wp-json\/wp\/v2\/product\/18369"}],"collection":[{"href":"https:\/\/hemlinegreen.htl.whale-castle.com\/de\/wp-json\/wp\/v2\/product"}],"about":[{"href":"https:\/\/hemlinegreen.htl.whale-castle.com\/de\/wp-json\/wp\/v2\/types\/product"}],"wp:featuredmedia":[{"embeddable":true,"href":"https:\/\/hemlinegreen.htl.whale-castle.com\/de\/wp-json\/wp\/v2\/media\/13795"}],"wp:attachment":[{"href":"https:\/\/hemlinegreen.htl.whale-castle.com\/de\/wp-json\/wp\/v2\/media?parent=18369"}],"wp:term":[{"taxonomy":"product_cat","embeddable":true,"href":"https:\/\/hemlinegreen.htl.whale-castle.com\/de\/wp-json\/wp\/v2\/product_cat?post=18369"},{"taxonomy":"product_tag","embeddable":true,"href":"https:\/\/hemlinegreen.htl.whale-castle.com\/de\/wp-json\/wp\/v2\/product_tag?post=18369"}],"curies":[{"name":"wp","href":"https:\/\/api.w.org\/{rel}","templated":true}]}}