{"id":18368,"date":"2023-01-27T18:05:44","date_gmt":"2023-01-27T10:05:44","guid":{"rendered":"https:\/\/hemlinegreen.htl.whale-castle.com\/de\/product\/nahnadeln-gemischtes-sortiment\/"},"modified":"2023-01-30T15:52:42","modified_gmt":"2023-01-30T07:52:42","slug":"nahnadeln-gemischtes-sortiment","status":"publish","type":"product","link":"https:\/\/hemlinegreen.htl.whale-castle.com\/de\/product\/nahnadeln-gemischtes-sortiment\/","title":{"rendered":"N\u00e4hnadeln &#8211; Gemischtes Sortiment"},"content":{"rendered":"<p>Kreuzstichnadel, Sticknadeln ohne Spitze, Sticknadeln mit Spitze Chenille- Gro\u00dfes Nadel\u00f6hr und stumpfe Rundspitze. Sticknadeln mit feiner Spitze- langes Nadel\u00f6hr und feiner Nadelspitze. Quilt-N\u00e4hnadeln &#8211; Kleines und rundes Nadel\u00f6hr f\u00fcr schnelles und gleichm\u00e4\u00dfiges N\u00e4hen.<\/p>\n","protected":false},"excerpt":{"rendered":"<p>Kreuzstichnadel, Sticknadeln ohne Spitze, Sticknadeln mit Spitze Chenille- Gro\u00dfes Nadel\u00f6hr und stumpfe Rundspitze. Sticknadeln mit feiner Spitze- langes Nadel\u00f6hr und feiner Nadelspitze. Quilt-N\u00e4hnadeln &#8211; Kleines und rundes Nadel\u00f6hr f\u00fcr schnelles und gleichm\u00e4\u00dfiges N\u00e4hen.<\/p>\n","protected":false},"featured_media":13793,"template":"","meta":{"_mi_skip_tracking":false},"product_cat":[12203],"product_tag":[12217],"_links":{"self":[{"href":"https:\/\/hemlinegreen.htl.whale-castle.com\/de\/wp-json\/wp\/v2\/product\/18368"}],"collection":[{"href":"https:\/\/hemlinegreen.htl.whale-castle.com\/de\/wp-json\/wp\/v2\/product"}],"about":[{"href":"https:\/\/hemlinegreen.htl.whale-castle.com\/de\/wp-json\/wp\/v2\/types\/product"}],"wp:featuredmedia":[{"embeddable":true,"href":"https:\/\/hemlinegreen.htl.whale-castle.com\/de\/wp-json\/wp\/v2\/media\/13793"}],"wp:attachment":[{"href":"https:\/\/hemlinegreen.htl.whale-castle.com\/de\/wp-json\/wp\/v2\/media?parent=18368"}],"wp:term":[{"taxonomy":"product_cat","embeddable":true,"href":"https:\/\/hemlinegreen.htl.whale-castle.com\/de\/wp-json\/wp\/v2\/product_cat?post=18368"},{"taxonomy":"product_tag","embeddable":true,"href":"https:\/\/hemlinegreen.htl.whale-castle.com\/de\/wp-json\/wp\/v2\/product_tag?post=18368"}],"curies":[{"name":"wp","href":"https:\/\/api.w.org\/{rel}","templated":true}]}}