{"id":18367,"date":"2023-01-27T18:05:44","date_gmt":"2023-01-27T10:05:44","guid":{"rendered":"https:\/\/hemlinegreen.htl.whale-castle.com\/de\/product\/nahnadeln-lang-5-10\/"},"modified":"2023-01-30T15:52:42","modified_gmt":"2023-01-30T07:52:42","slug":"nahnadeln-lang-5-10","status":"publish","type":"product","link":"https:\/\/hemlinegreen.htl.whale-castle.com\/de\/product\/nahnadeln-lang-5-10\/","title":{"rendered":"N\u00e4hnadeln Lang 5-10"},"content":{"rendered":"<p>Diese Nadeln sind die am h\u00e4ufigsten verwendeten Handn\u00e4hnadeln. Sie sind mittellang mit scharfen Spitzen und kleinem Nadel\u00f6hr, zur Verwendung mit Standardn\u00e4hgarn.<\/p>\n","protected":false},"excerpt":{"rendered":"<p>https:\/\/www.youtube.com\/watch?v=5otxIZ2dwnU<\/p>\n","protected":false},"featured_media":13791,"template":"","meta":{"_mi_skip_tracking":false},"product_cat":[12216],"product_tag":[12215],"_links":{"self":[{"href":"https:\/\/hemlinegreen.htl.whale-castle.com\/de\/wp-json\/wp\/v2\/product\/18367"}],"collection":[{"href":"https:\/\/hemlinegreen.htl.whale-castle.com\/de\/wp-json\/wp\/v2\/product"}],"about":[{"href":"https:\/\/hemlinegreen.htl.whale-castle.com\/de\/wp-json\/wp\/v2\/types\/product"}],"wp:featuredmedia":[{"embeddable":true,"href":"https:\/\/hemlinegreen.htl.whale-castle.com\/de\/wp-json\/wp\/v2\/media\/13791"}],"wp:attachment":[{"href":"https:\/\/hemlinegreen.htl.whale-castle.com\/de\/wp-json\/wp\/v2\/media?parent=18367"}],"wp:term":[{"taxonomy":"product_cat","embeddable":true,"href":"https:\/\/hemlinegreen.htl.whale-castle.com\/de\/wp-json\/wp\/v2\/product_cat?post=18367"},{"taxonomy":"product_tag","embeddable":true,"href":"https:\/\/hemlinegreen.htl.whale-castle.com\/de\/wp-json\/wp\/v2\/product_tag?post=18367"}],"curies":[{"name":"wp","href":"https:\/\/api.w.org\/{rel}","templated":true}]}}