{"id":18365,"date":"2023-01-27T18:05:43","date_gmt":"2023-01-27T10:05:43","guid":{"rendered":"https:\/\/hemlinegreen.htl.whale-castle.com\/de\/product\/sticknadeln-mit-spitze-18-22\/"},"modified":"2023-01-30T15:52:41","modified_gmt":"2023-01-30T07:52:41","slug":"sticknadeln-mit-spitze-18-22","status":"publish","type":"product","link":"https:\/\/hemlinegreen.htl.whale-castle.com\/de\/product\/sticknadeln-mit-spitze-18-22\/","title":{"rendered":"Sticknadeln mit Spitze 18-22"},"content":{"rendered":"<p>Sticknadeln mit Spitze haben ein l\u00e4ngeres Nadel\u00f6hr und eine scharfe Spitze. Zum Sticken von B\u00e4ndern und zum einfachen Ziehen langer Str\u00e4nge durch eng gewebte Stoffe.<\/p>\n","protected":false},"excerpt":{"rendered":"<p>Sticknadeln mit Spitze haben ein l\u00e4ngeres Nadel\u00f6hr und eine scharfe Spitze. Zum Sticken von B\u00e4ndern und zum einfachen Ziehen langer Str\u00e4nge durch eng gewebte Stoffe.<\/p>\n","protected":false},"featured_media":13787,"template":"","meta":{"_mi_skip_tracking":false},"product_cat":[12204],"product_tag":[12201],"_links":{"self":[{"href":"https:\/\/hemlinegreen.htl.whale-castle.com\/de\/wp-json\/wp\/v2\/product\/18365"}],"collection":[{"href":"https:\/\/hemlinegreen.htl.whale-castle.com\/de\/wp-json\/wp\/v2\/product"}],"about":[{"href":"https:\/\/hemlinegreen.htl.whale-castle.com\/de\/wp-json\/wp\/v2\/types\/product"}],"wp:featuredmedia":[{"embeddable":true,"href":"https:\/\/hemlinegreen.htl.whale-castle.com\/de\/wp-json\/wp\/v2\/media\/13787"}],"wp:attachment":[{"href":"https:\/\/hemlinegreen.htl.whale-castle.com\/de\/wp-json\/wp\/v2\/media?parent=18365"}],"wp:term":[{"taxonomy":"product_cat","embeddable":true,"href":"https:\/\/hemlinegreen.htl.whale-castle.com\/de\/wp-json\/wp\/v2\/product_cat?post=18365"},{"taxonomy":"product_tag","embeddable":true,"href":"https:\/\/hemlinegreen.htl.whale-castle.com\/de\/wp-json\/wp\/v2\/product_tag?post=18365"}],"curies":[{"name":"wp","href":"https:\/\/api.w.org\/{rel}","templated":true}]}}