{"id":18361,"date":"2023-01-27T18:05:37","date_gmt":"2023-01-27T10:05:37","guid":{"rendered":"https:\/\/hemlinegreen.htl.whale-castle.com\/de\/product\/sticknadeln-ohne-spitze-26\/"},"modified":"2023-01-30T15:52:38","modified_gmt":"2023-01-30T07:52:38","slug":"sticknadeln-ohne-spitze-26","status":"publish","type":"product","link":"https:\/\/hemlinegreen.htl.whale-castle.com\/de\/product\/sticknadeln-ohne-spitze-26\/","title":{"rendered":"Sticknadeln ohne Spitze 26"},"content":{"rendered":"<p>Sticknadeln ohne Spitze. Diese Sticknadeln haben eine stumpfe Spitze, um N\u00e4hstoffe nicht zu besch\u00e4digen, und ein l\u00e4ngeres Nadel\u00f6hr, um dickere Garne leichter einzuf\u00e4deln.<\/p>\n","protected":false},"excerpt":{"rendered":"<p>Sticknadeln ohne Spitze. Diese Sticknadeln haben eine stumpfe Spitze, um N\u00e4hstoffe nicht zu besch\u00e4digen, und ein l\u00e4ngeres Nadel\u00f6hr, um dickere Garne leichter einzuf\u00e4deln.<\/p>\n","protected":false},"featured_media":13779,"template":"","meta":{"_mi_skip_tracking":false},"product_cat":[12210],"product_tag":[12209],"_links":{"self":[{"href":"https:\/\/hemlinegreen.htl.whale-castle.com\/de\/wp-json\/wp\/v2\/product\/18361"}],"collection":[{"href":"https:\/\/hemlinegreen.htl.whale-castle.com\/de\/wp-json\/wp\/v2\/product"}],"about":[{"href":"https:\/\/hemlinegreen.htl.whale-castle.com\/de\/wp-json\/wp\/v2\/types\/product"}],"wp:featuredmedia":[{"embeddable":true,"href":"https:\/\/hemlinegreen.htl.whale-castle.com\/de\/wp-json\/wp\/v2\/media\/13779"}],"wp:attachment":[{"href":"https:\/\/hemlinegreen.htl.whale-castle.com\/de\/wp-json\/wp\/v2\/media?parent=18361"}],"wp:term":[{"taxonomy":"product_cat","embeddable":true,"href":"https:\/\/hemlinegreen.htl.whale-castle.com\/de\/wp-json\/wp\/v2\/product_cat?post=18361"},{"taxonomy":"product_tag","embeddable":true,"href":"https:\/\/hemlinegreen.htl.whale-castle.com\/de\/wp-json\/wp\/v2\/product_tag?post=18361"}],"curies":[{"name":"wp","href":"https:\/\/api.w.org\/{rel}","templated":true}]}}