{"id":18357,"date":"2023-01-27T18:05:36","date_gmt":"2023-01-27T10:05:36","guid":{"rendered":"https:\/\/hemlinegreen.htl.whale-castle.com\/de\/product\/sticknadeln-ohne-spitze-mitgrosem-goldenen-nadelohr-13-15\/"},"modified":"2023-01-30T15:52:37","modified_gmt":"2023-01-30T07:52:37","slug":"sticknadeln-ohne-spitze-mitgrosem-goldenen-nadelohr-13-15","status":"publish","type":"product","link":"https:\/\/hemlinegreen.htl.whale-castle.com\/de\/product\/sticknadeln-ohne-spitze-mitgrosem-goldenen-nadelohr-13-15\/","title":{"rendered":"Sticknadeln ohne Spitze mit\ngro\u00dfem goldenen Nadel\u00f6hr 13-15"},"content":{"rendered":"<p>Diese Sticknadeln haben eine stumpfe Spitze, um N\u00e4hstoffe nicht zu besch\u00e4digen, und ein gro\u00dfes goldenes Nadel\u00f6hr. Zum N\u00e4hen von Garnen und Stickgarn.<\/p>\n","protected":false},"excerpt":{"rendered":"<p>Diese Sticknadeln haben eine stumpfe Spitze, um N\u00e4hstoffe nicht zu besch\u00e4digen, und ein gro\u00dfes goldenes Nadel\u00f6hr. Zum N\u00e4hen von Garnen und Stickgarn.<\/p>\n","protected":false},"featured_media":13771,"template":"","meta":{"_mi_skip_tracking":false},"product_cat":[12208],"product_tag":[12207],"_links":{"self":[{"href":"https:\/\/hemlinegreen.htl.whale-castle.com\/de\/wp-json\/wp\/v2\/product\/18357"}],"collection":[{"href":"https:\/\/hemlinegreen.htl.whale-castle.com\/de\/wp-json\/wp\/v2\/product"}],"about":[{"href":"https:\/\/hemlinegreen.htl.whale-castle.com\/de\/wp-json\/wp\/v2\/types\/product"}],"wp:featuredmedia":[{"embeddable":true,"href":"https:\/\/hemlinegreen.htl.whale-castle.com\/de\/wp-json\/wp\/v2\/media\/13771"}],"wp:attachment":[{"href":"https:\/\/hemlinegreen.htl.whale-castle.com\/de\/wp-json\/wp\/v2\/media?parent=18357"}],"wp:term":[{"taxonomy":"product_cat","embeddable":true,"href":"https:\/\/hemlinegreen.htl.whale-castle.com\/de\/wp-json\/wp\/v2\/product_cat?post=18357"},{"taxonomy":"product_tag","embeddable":true,"href":"https:\/\/hemlinegreen.htl.whale-castle.com\/de\/wp-json\/wp\/v2\/product_tag?post=18357"}],"curies":[{"name":"wp","href":"https:\/\/api.w.org\/{rel}","templated":true}]}}