{"id":18356,"date":"2023-01-27T18:05:35","date_gmt":"2023-01-27T10:05:35","guid":{"rendered":"https:\/\/hemlinegreen.htl.whale-castle.com\/de\/product\/quilt-nahnadeln-halblang-3-9\/"},"modified":"2023-01-30T15:52:37","modified_gmt":"2023-01-30T07:52:37","slug":"quilt-nahnadeln-halblang-3-9","status":"publish","type":"product","link":"https:\/\/hemlinegreen.htl.whale-castle.com\/de\/product\/quilt-nahnadeln-halblang-3-9\/","title":{"rendered":"Quilt-N\u00e4hnadeln Halblang 3-9"},"content":{"rendered":"<p>Diese Nadeln wurden speziell f\u00fcr Quilter entwickelt und sind k\u00fcrzer, um schnelleres N\u00e4hen zu erm\u00f6glichen.<\/p>\n","protected":false},"excerpt":{"rendered":"<p>Diese Nadeln wurden speziell f\u00fcr Quilter entwickelt und sind k\u00fcrzer, um schnelleres N\u00e4hen zu erm\u00f6glichen.<\/p>\n","protected":false},"featured_media":13769,"template":"","meta":{"_mi_skip_tracking":false},"product_cat":[12206],"product_tag":[12205],"_links":{"self":[{"href":"https:\/\/hemlinegreen.htl.whale-castle.com\/de\/wp-json\/wp\/v2\/product\/18356"}],"collection":[{"href":"https:\/\/hemlinegreen.htl.whale-castle.com\/de\/wp-json\/wp\/v2\/product"}],"about":[{"href":"https:\/\/hemlinegreen.htl.whale-castle.com\/de\/wp-json\/wp\/v2\/types\/product"}],"wp:featuredmedia":[{"embeddable":true,"href":"https:\/\/hemlinegreen.htl.whale-castle.com\/de\/wp-json\/wp\/v2\/media\/13769"}],"wp:attachment":[{"href":"https:\/\/hemlinegreen.htl.whale-castle.com\/de\/wp-json\/wp\/v2\/media?parent=18356"}],"wp:term":[{"taxonomy":"product_cat","embeddable":true,"href":"https:\/\/hemlinegreen.htl.whale-castle.com\/de\/wp-json\/wp\/v2\/product_cat?post=18356"},{"taxonomy":"product_tag","embeddable":true,"href":"https:\/\/hemlinegreen.htl.whale-castle.com\/de\/wp-json\/wp\/v2\/product_tag?post=18356"}],"curies":[{"name":"wp","href":"https:\/\/api.w.org\/{rel}","templated":true}]}}