{"id":18355,"date":"2023-01-27T18:05:34","date_gmt":"2023-01-27T10:05:34","guid":{"rendered":"https:\/\/hemlinegreen.htl.whale-castle.com\/de\/product\/sticknadeln-mit-spitze-8\/"},"modified":"2023-01-30T15:52:37","modified_gmt":"2023-01-30T07:52:37","slug":"sticknadeln-mit-spitze-8","status":"publish","type":"product","link":"https:\/\/hemlinegreen.htl.whale-castle.com\/de\/product\/sticknadeln-mit-spitze-8\/","title":{"rendered":"Sticknadeln mit Spitze 8"},"content":{"rendered":"<p>Sticknadeln mit Spitze. Sticknadeln haben ein l\u00e4ngeres Nadel\u00f6hr und sind ideal zum Einf\u00e4deln von Standard-Baumwolle.<\/p>\n","protected":false},"excerpt":{"rendered":"<p>https:\/\/www.youtube.com\/watch?v=5otxIZ2dwnU<\/p>\n","protected":false},"featured_media":13767,"template":"","meta":{"_mi_skip_tracking":false},"product_cat":[12204],"product_tag":[12201],"_links":{"self":[{"href":"https:\/\/hemlinegreen.htl.whale-castle.com\/de\/wp-json\/wp\/v2\/product\/18355"}],"collection":[{"href":"https:\/\/hemlinegreen.htl.whale-castle.com\/de\/wp-json\/wp\/v2\/product"}],"about":[{"href":"https:\/\/hemlinegreen.htl.whale-castle.com\/de\/wp-json\/wp\/v2\/types\/product"}],"wp:featuredmedia":[{"embeddable":true,"href":"https:\/\/hemlinegreen.htl.whale-castle.com\/de\/wp-json\/wp\/v2\/media\/13767"}],"wp:attachment":[{"href":"https:\/\/hemlinegreen.htl.whale-castle.com\/de\/wp-json\/wp\/v2\/media?parent=18355"}],"wp:term":[{"taxonomy":"product_cat","embeddable":true,"href":"https:\/\/hemlinegreen.htl.whale-castle.com\/de\/wp-json\/wp\/v2\/product_cat?post=18355"},{"taxonomy":"product_tag","embeddable":true,"href":"https:\/\/hemlinegreen.htl.whale-castle.com\/de\/wp-json\/wp\/v2\/product_tag?post=18355"}],"curies":[{"name":"wp","href":"https:\/\/api.w.org\/{rel}","templated":true}]}}