{"id":18350,"date":"2023-01-27T18:05:32","date_gmt":"2023-01-27T10:05:32","guid":{"rendered":"https:\/\/hemlinegreen.htl.whale-castle.com\/de\/product\/magnetische-nahtfuhrung\/"},"modified":"2023-01-30T15:52:37","modified_gmt":"2023-01-30T07:52:37","slug":"magnetische-nahtfuhrung","status":"publish","type":"product","link":"https:\/\/hemlinegreen.htl.whale-castle.com\/de\/product\/magnetische-nahtfuhrung\/","title":{"rendered":"Magnetische Nahtf\u00fchrung"},"content":{"rendered":"<p>Sorgt f\u00fcr genaue Nahtzugaben \u2013 befestigen Sie die magnetische Nahtf\u00fchrung an Ihrer N\u00e4hmaschine. Passend f\u00fcr alle N\u00e4hmaschinen mit Stichplatten aus Metall.<\/p>\n","protected":false},"excerpt":{"rendered":"<p>https:\/\/www.youtube.com\/watch?v=UnOFT3Klav4<\/p>\n","protected":false},"featured_media":13757,"template":"","meta":{"_mi_skip_tracking":false},"product_cat":[12183],"product_tag":[12199],"_links":{"self":[{"href":"https:\/\/hemlinegreen.htl.whale-castle.com\/de\/wp-json\/wp\/v2\/product\/18350"}],"collection":[{"href":"https:\/\/hemlinegreen.htl.whale-castle.com\/de\/wp-json\/wp\/v2\/product"}],"about":[{"href":"https:\/\/hemlinegreen.htl.whale-castle.com\/de\/wp-json\/wp\/v2\/types\/product"}],"wp:featuredmedia":[{"embeddable":true,"href":"https:\/\/hemlinegreen.htl.whale-castle.com\/de\/wp-json\/wp\/v2\/media\/13757"}],"wp:attachment":[{"href":"https:\/\/hemlinegreen.htl.whale-castle.com\/de\/wp-json\/wp\/v2\/media?parent=18350"}],"wp:term":[{"taxonomy":"product_cat","embeddable":true,"href":"https:\/\/hemlinegreen.htl.whale-castle.com\/de\/wp-json\/wp\/v2\/product_cat?post=18350"},{"taxonomy":"product_tag","embeddable":true,"href":"https:\/\/hemlinegreen.htl.whale-castle.com\/de\/wp-json\/wp\/v2\/product_tag?post=18350"}],"curies":[{"name":"wp","href":"https:\/\/api.w.org\/{rel}","templated":true}]}}