{"id":18346,"date":"2023-01-27T18:05:30","date_gmt":"2023-01-27T10:05:30","guid":{"rendered":"https:\/\/hemlinegreen.htl.whale-castle.com\/de\/product\/spulen-zubehor-organizer\/"},"modified":"2023-01-30T15:52:36","modified_gmt":"2023-01-30T07:52:36","slug":"spulen-zubehor-organizer","status":"publish","type":"product","link":"https:\/\/hemlinegreen.htl.whale-castle.com\/de\/product\/spulen-zubehor-organizer\/","title":{"rendered":"Spulen\/Zubeh\u00f6r-Organizer"},"content":{"rendered":"<p>Einfacher Zugriff und Aufbewahrung f\u00fcr wichtige N\u00e4h- und Bastelutensilien. Langes Fach f\u00fcr kleines, kompaktes Zubeh\u00f6r: Packungen mit Nadeln, Stecknadeln etc. Zur sicheren Aufbewahrung des einziehbaren Ma\u00dfbands. Spulenring h\u00e4lt \u00fcber 30 Standard-Maschinenspulen sicher (sowohl Kunststoff als auch Metall). Passend f\u00fcr magnetisches Nadelkissen. Runde Schlitze f\u00fcr Textilstifte, Bleistifte etc.<\/p>\n","protected":false},"excerpt":{"rendered":"<p>Einfacher Zugriff und Aufbewahrung f\u00fcr wichtige N\u00e4h- und Bastelutensilien. Langes Fach f\u00fcr kleines, kompaktes Zubeh\u00f6r: Packungen mit Nadeln, Stecknadeln etc. Zur sicheren Aufbewahrung des einziehbaren Ma\u00dfbands. Spulenring h\u00e4lt \u00fcber 30 Standard-Maschinenspulen sicher (sowohl Kunststoff als auch Metall). Passend f\u00fcr magnetisches Nadelkissen. Runde Schlitze f\u00fcr Textilstifte, Bleistifte etc.<\/p>\n","protected":false},"featured_media":13749,"template":"","meta":{"_mi_skip_tracking":false},"product_cat":[12195],"product_tag":[12194],"_links":{"self":[{"href":"https:\/\/hemlinegreen.htl.whale-castle.com\/de\/wp-json\/wp\/v2\/product\/18346"}],"collection":[{"href":"https:\/\/hemlinegreen.htl.whale-castle.com\/de\/wp-json\/wp\/v2\/product"}],"about":[{"href":"https:\/\/hemlinegreen.htl.whale-castle.com\/de\/wp-json\/wp\/v2\/types\/product"}],"wp:featuredmedia":[{"embeddable":true,"href":"https:\/\/hemlinegreen.htl.whale-castle.com\/de\/wp-json\/wp\/v2\/media\/13749"}],"wp:attachment":[{"href":"https:\/\/hemlinegreen.htl.whale-castle.com\/de\/wp-json\/wp\/v2\/media?parent=18346"}],"wp:term":[{"taxonomy":"product_cat","embeddable":true,"href":"https:\/\/hemlinegreen.htl.whale-castle.com\/de\/wp-json\/wp\/v2\/product_cat?post=18346"},{"taxonomy":"product_tag","embeddable":true,"href":"https:\/\/hemlinegreen.htl.whale-castle.com\/de\/wp-json\/wp\/v2\/product_tag?post=18346"}],"curies":[{"name":"wp","href":"https:\/\/api.w.org\/{rel}","templated":true}]}}