{"id":18342,"date":"2023-01-27T18:05:29","date_gmt":"2023-01-27T10:05:29","guid":{"rendered":"https:\/\/hemlinegreen.htl.whale-castle.com\/de\/product\/keilriemen-fur-nahmaschinen\/"},"modified":"2023-01-30T15:52:36","modified_gmt":"2023-01-30T07:52:36","slug":"keilriemen-fur-nahmaschinen","status":"publish","type":"product","link":"https:\/\/hemlinegreen.htl.whale-castle.com\/de\/product\/keilriemen-fur-nahmaschinen\/","title":{"rendered":"Keilriemen f\u00fcr N\u00e4hmaschinen"},"content":{"rendered":"<p>Geeignet f\u00fcr N\u00e4hmaschinen &#038; andere Ger\u00e4te<\/p>\n","protected":false},"excerpt":{"rendered":"<p>Geeignet f\u00fcr N\u00e4hmaschinen &#038; andere Ger\u00e4te<\/p>\n","protected":false},"featured_media":13741,"template":"","meta":{"_mi_skip_tracking":false},"product_cat":[12183],"product_tag":[12189],"_links":{"self":[{"href":"https:\/\/hemlinegreen.htl.whale-castle.com\/de\/wp-json\/wp\/v2\/product\/18342"}],"collection":[{"href":"https:\/\/hemlinegreen.htl.whale-castle.com\/de\/wp-json\/wp\/v2\/product"}],"about":[{"href":"https:\/\/hemlinegreen.htl.whale-castle.com\/de\/wp-json\/wp\/v2\/types\/product"}],"wp:featuredmedia":[{"embeddable":true,"href":"https:\/\/hemlinegreen.htl.whale-castle.com\/de\/wp-json\/wp\/v2\/media\/13741"}],"wp:attachment":[{"href":"https:\/\/hemlinegreen.htl.whale-castle.com\/de\/wp-json\/wp\/v2\/media?parent=18342"}],"wp:term":[{"taxonomy":"product_cat","embeddable":true,"href":"https:\/\/hemlinegreen.htl.whale-castle.com\/de\/wp-json\/wp\/v2\/product_cat?post=18342"},{"taxonomy":"product_tag","embeddable":true,"href":"https:\/\/hemlinegreen.htl.whale-castle.com\/de\/wp-json\/wp\/v2\/product_tag?post=18342"}],"curies":[{"name":"wp","href":"https:\/\/api.w.org\/{rel}","templated":true}]}}