{"id":18341,"date":"2023-01-27T18:05:28","date_gmt":"2023-01-27T10:05:28","guid":{"rendered":"https:\/\/hemlinegreen.htl.whale-castle.com\/de\/product\/service-kit\/"},"modified":"2023-01-30T15:52:36","modified_gmt":"2023-01-30T07:52:36","slug":"service-kit","status":"publish","type":"product","link":"https:\/\/hemlinegreen.htl.whale-castle.com\/de\/product\/service-kit\/","title":{"rendered":"Service-Kit"},"content":{"rendered":"<p>N\u00e4hmaschine und Overlocker.Reinigen und warten Sie Ihre N\u00e4hmaschine regelm\u00e4\u00dfig f\u00fcr ein<br \/>\nst\u00f6rungsfreies N\u00e4herlebnis. Verwenden Sie das Service-Kit f\u00fcr die regelm\u00e4\u00dfige Heimwartung Ihrer N\u00e4hmaschine. Verwenden Sie einen gro\u00dfen Schraubendreher, um die Nadelund N\u00e4hfu\u00dfhalterschrauben zu l\u00f6sen und festzuziehen. Verwenden Sie es auch zum Abschrauben der Stichplatte zum einfachen Entfernen der Spule und des Geh\u00e4uses. Verwenden Sie eine Reinigungsb\u00fcrste, um Flusen und Schmutz von der N\u00e4hmaschine zu entfernen. Mit einem kleinen Schraubendreher kann die Spannschraube an der Spulenkapsel eingestellt werden. Verwenden Sie eine separate Spulenkapsel f\u00fcr Spezialstiche, die angepasst werden kann.<\/p>\n","protected":false},"excerpt":{"rendered":"<p>N\u00e4hmaschine und Overlocker.Reinigen und warten Sie Ihre N\u00e4hmaschine regelm\u00e4\u00dfig f\u00fcr ein st\u00f6rungsfreies N\u00e4herlebnis. Verwenden Sie das Service-Kit f\u00fcr die regelm\u00e4\u00dfige Heimwartung Ihrer N\u00e4hmaschine. Verwenden Sie einen gro\u00dfen Schraubendreher, um die Nadelund N\u00e4hfu\u00dfhalterschrauben zu l\u00f6sen und festzuziehen. Verwenden Sie es auch zum Abschrauben der Stichplatte zum einfachen Entfernen der Spule und des Geh\u00e4uses. Verwenden Sie eine &hellip; <br \/><a href=\"https:\/\/hemlinegreen.htl.whale-castle.com\/de\/product\/service-kit\/\" class=\"more-link\">Continue reading <span class=\"screen-reader-text\">Service-Kit<\/span><\/a><\/p>\n","protected":false},"featured_media":13739,"template":"","meta":{"_mi_skip_tracking":false},"product_cat":[12183],"product_tag":[12188],"_links":{"self":[{"href":"https:\/\/hemlinegreen.htl.whale-castle.com\/de\/wp-json\/wp\/v2\/product\/18341"}],"collection":[{"href":"https:\/\/hemlinegreen.htl.whale-castle.com\/de\/wp-json\/wp\/v2\/product"}],"about":[{"href":"https:\/\/hemlinegreen.htl.whale-castle.com\/de\/wp-json\/wp\/v2\/types\/product"}],"wp:featuredmedia":[{"embeddable":true,"href":"https:\/\/hemlinegreen.htl.whale-castle.com\/de\/wp-json\/wp\/v2\/media\/13739"}],"wp:attachment":[{"href":"https:\/\/hemlinegreen.htl.whale-castle.com\/de\/wp-json\/wp\/v2\/media?parent=18341"}],"wp:term":[{"taxonomy":"product_cat","embeddable":true,"href":"https:\/\/hemlinegreen.htl.whale-castle.com\/de\/wp-json\/wp\/v2\/product_cat?post=18341"},{"taxonomy":"product_tag","embeddable":true,"href":"https:\/\/hemlinegreen.htl.whale-castle.com\/de\/wp-json\/wp\/v2\/product_tag?post=18341"}],"curies":[{"name":"wp","href":"https:\/\/api.w.org\/{rel}","templated":true}]}}