{"id":18340,"date":"2023-01-27T18:05:28","date_gmt":"2023-01-27T10:05:28","guid":{"rendered":"https:\/\/hemlinegreen.htl.whale-castle.com\/de\/product\/feine-spitze-pinzette\/"},"modified":"2023-01-30T15:52:36","modified_gmt":"2023-01-30T07:52:36","slug":"feine-spitze-pinzette","status":"publish","type":"product","link":"https:\/\/hemlinegreen.htl.whale-castle.com\/de\/product\/feine-spitze-pinzette\/","title":{"rendered":"Feine Spitze Pinzette"},"content":{"rendered":"<p>Pinzette mit feiner Spitze f\u00fcr Overlocker und N\u00e4hmaschinen, allgemeiner. Handwerks- und Hobbygebrauch. Hilft beim Einf\u00e4delnvon Overlock- und N\u00e4hmaschinennadeln.<\/p>\n","protected":false},"excerpt":{"rendered":"<p>Pinzette mit feiner Spitze f\u00fcr Overlocker und N\u00e4hmaschinen, allgemeiner. Handwerks- und Hobbygebrauch. Hilft beim Einf\u00e4delnvon Overlock- und N\u00e4hmaschinennadeln.<\/p>\n","protected":false},"featured_media":13737,"template":"","meta":{"_mi_skip_tracking":false},"product_cat":[12183],"product_tag":[12187],"_links":{"self":[{"href":"https:\/\/hemlinegreen.htl.whale-castle.com\/de\/wp-json\/wp\/v2\/product\/18340"}],"collection":[{"href":"https:\/\/hemlinegreen.htl.whale-castle.com\/de\/wp-json\/wp\/v2\/product"}],"about":[{"href":"https:\/\/hemlinegreen.htl.whale-castle.com\/de\/wp-json\/wp\/v2\/types\/product"}],"wp:featuredmedia":[{"embeddable":true,"href":"https:\/\/hemlinegreen.htl.whale-castle.com\/de\/wp-json\/wp\/v2\/media\/13737"}],"wp:attachment":[{"href":"https:\/\/hemlinegreen.htl.whale-castle.com\/de\/wp-json\/wp\/v2\/media?parent=18340"}],"wp:term":[{"taxonomy":"product_cat","embeddable":true,"href":"https:\/\/hemlinegreen.htl.whale-castle.com\/de\/wp-json\/wp\/v2\/product_cat?post=18340"},{"taxonomy":"product_tag","embeddable":true,"href":"https:\/\/hemlinegreen.htl.whale-castle.com\/de\/wp-json\/wp\/v2\/product_tag?post=18340"}],"curies":[{"name":"wp","href":"https:\/\/api.w.org\/{rel}","templated":true}]}}