{"id":18339,"date":"2023-01-27T18:05:27","date_gmt":"2023-01-27T10:05:27","guid":{"rendered":"https:\/\/hemlinegreen.htl.whale-castle.com\/de\/product\/einfadler-extra-lang\/"},"modified":"2023-01-30T15:52:36","modified_gmt":"2023-01-30T07:52:36","slug":"einfadler-extra-lang","status":"publish","type":"product","link":"https:\/\/hemlinegreen.htl.whale-castle.com\/de\/product\/einfadler-extra-lang\/","title":{"rendered":"Einf\u00e4dler Extra Lang"},"content":{"rendered":"<p>Nadeleinf\u00e4dler &#8211; extra lang f\u00fcr Overlocker und N\u00e4hmaschine. Schlaufeneinf\u00e4dler &#8211; Feingreifereinf\u00e4dler f\u00fcr Overlockmaschinen. Einf\u00e4dler mit wei\u00dfem Griff &#8211; einfaches Einf\u00e4deln von Overlock &#8211; Greiferf\u00e4den. Einf\u00e4dler mit blauem Griff &#8211; einfaches Einf\u00e4deln von Nadeln f\u00fcr Overlocker und N\u00e4hmaschinen. Ausgestattet mit Kunststoffschlauchabdeckung zum Schutz des Schlaufenendes.<\/p>\n","protected":false},"excerpt":{"rendered":"<p>Nadeleinf\u00e4dler &#8211; extra lang f\u00fcr Overlocker und N\u00e4hmaschine. Schlaufeneinf\u00e4dler &#8211; Feingreifereinf\u00e4dler f\u00fcr Overlockmaschinen. Einf\u00e4dler mit wei\u00dfem Griff &#8211; einfaches Einf\u00e4deln von Overlock &#8211; Greiferf\u00e4den. Einf\u00e4dler mit blauem Griff &#8211; einfaches Einf\u00e4deln von Nadeln f\u00fcr Overlocker und N\u00e4hmaschinen. Ausgestattet mit Kunststoffschlauchabdeckung zum Schutz des Schlaufenendes.<\/p>\n","protected":false},"featured_media":13735,"template":"","meta":{"_mi_skip_tracking":false},"product_cat":[12183],"product_tag":[12186],"_links":{"self":[{"href":"https:\/\/hemlinegreen.htl.whale-castle.com\/de\/wp-json\/wp\/v2\/product\/18339"}],"collection":[{"href":"https:\/\/hemlinegreen.htl.whale-castle.com\/de\/wp-json\/wp\/v2\/product"}],"about":[{"href":"https:\/\/hemlinegreen.htl.whale-castle.com\/de\/wp-json\/wp\/v2\/types\/product"}],"wp:featuredmedia":[{"embeddable":true,"href":"https:\/\/hemlinegreen.htl.whale-castle.com\/de\/wp-json\/wp\/v2\/media\/13735"}],"wp:attachment":[{"href":"https:\/\/hemlinegreen.htl.whale-castle.com\/de\/wp-json\/wp\/v2\/media?parent=18339"}],"wp:term":[{"taxonomy":"product_cat","embeddable":true,"href":"https:\/\/hemlinegreen.htl.whale-castle.com\/de\/wp-json\/wp\/v2\/product_cat?post=18339"},{"taxonomy":"product_tag","embeddable":true,"href":"https:\/\/hemlinegreen.htl.whale-castle.com\/de\/wp-json\/wp\/v2\/product_tag?post=18339"}],"curies":[{"name":"wp","href":"https:\/\/api.w.org\/{rel}","templated":true}]}}