{"id":18338,"date":"2023-01-27T18:05:27","date_gmt":"2023-01-27T10:05:27","guid":{"rendered":"https:\/\/hemlinegreen.htl.whale-castle.com\/de\/product\/nahthilfe\/"},"modified":"2023-01-30T15:52:36","modified_gmt":"2023-01-30T07:52:36","slug":"nahthilfe","status":"publish","type":"product","link":"https:\/\/hemlinegreen.htl.whale-castle.com\/de\/product\/nahthilfe\/","title":{"rendered":"Nahthilfe"},"content":{"rendered":"<p>Verwenden um dickere N\u00e4hte zu \u00fcbern\u00e4hen und \u00fcbersprungene oder ungleichm\u00e4\u00dfige Stiche zu beseitigen. Verwenden Sie dieses Werkzeug, um \u00fcber dicken N\u00e4hten, auf Jeans oder anderen dicken Stoffen zu n\u00e4hen. H\u00e4lt den N\u00e4hfu\u00df horizontal, um das gleichm\u00e4\u00dfige Einlegen von Stofflagen und das gleichm\u00e4\u00dfige N\u00e4hen zu erleichtern. Ausgestattet mit zwei verschiedenen Breiten. Kann beim Ann\u00e4hen von Kn\u00f6pfen verwendet werden, um einen Fadenschaft zu erzeugen. Kann mit allen N\u00e4hmaschinen verwendet werden.<\/p>\n","protected":false},"excerpt":{"rendered":"<p>https:\/\/www.youtube.com\/watch?v=lbUG91qfWkE<\/p>\n","protected":false},"featured_media":13733,"template":"","meta":{"_mi_skip_tracking":false},"product_cat":[12183],"product_tag":[12185],"_links":{"self":[{"href":"https:\/\/hemlinegreen.htl.whale-castle.com\/de\/wp-json\/wp\/v2\/product\/18338"}],"collection":[{"href":"https:\/\/hemlinegreen.htl.whale-castle.com\/de\/wp-json\/wp\/v2\/product"}],"about":[{"href":"https:\/\/hemlinegreen.htl.whale-castle.com\/de\/wp-json\/wp\/v2\/types\/product"}],"wp:featuredmedia":[{"embeddable":true,"href":"https:\/\/hemlinegreen.htl.whale-castle.com\/de\/wp-json\/wp\/v2\/media\/13733"}],"wp:attachment":[{"href":"https:\/\/hemlinegreen.htl.whale-castle.com\/de\/wp-json\/wp\/v2\/media?parent=18338"}],"wp:term":[{"taxonomy":"product_cat","embeddable":true,"href":"https:\/\/hemlinegreen.htl.whale-castle.com\/de\/wp-json\/wp\/v2\/product_cat?post=18338"},{"taxonomy":"product_tag","embeddable":true,"href":"https:\/\/hemlinegreen.htl.whale-castle.com\/de\/wp-json\/wp\/v2\/product_tag?post=18338"}],"curies":[{"name":"wp","href":"https:\/\/api.w.org\/{rel}","templated":true}]}}