{"id":18336,"date":"2023-01-27T18:05:26","date_gmt":"2023-01-27T10:05:26","guid":{"rendered":"https:\/\/hemlinegreen.htl.whale-castle.com\/de\/product\/nahmaschinen-nadeleinfadler\/"},"modified":"2023-01-30T15:52:36","modified_gmt":"2023-01-30T07:52:36","slug":"nahmaschinen-nadeleinfadler","status":"publish","type":"product","link":"https:\/\/hemlinegreen.htl.whale-castle.com\/de\/product\/nahmaschinen-nadeleinfadler\/","title":{"rendered":"N\u00e4hmaschinen-Nadeleinf\u00e4dler"},"content":{"rendered":"<p>Nadel einsetzen und einf\u00e4deln. Doppelte Verwendung.<\/p>\n","protected":false},"excerpt":{"rendered":"<p>https:\/\/www.youtube.com\/watch?v=K7Mmsd15mSY<\/p>\n","protected":false},"featured_media":13653,"template":"","meta":{"_mi_skip_tracking":false},"product_cat":[12183],"product_tag":[12182],"_links":{"self":[{"href":"https:\/\/hemlinegreen.htl.whale-castle.com\/de\/wp-json\/wp\/v2\/product\/18336"}],"collection":[{"href":"https:\/\/hemlinegreen.htl.whale-castle.com\/de\/wp-json\/wp\/v2\/product"}],"about":[{"href":"https:\/\/hemlinegreen.htl.whale-castle.com\/de\/wp-json\/wp\/v2\/types\/product"}],"wp:featuredmedia":[{"embeddable":true,"href":"https:\/\/hemlinegreen.htl.whale-castle.com\/de\/wp-json\/wp\/v2\/media\/13653"}],"wp:attachment":[{"href":"https:\/\/hemlinegreen.htl.whale-castle.com\/de\/wp-json\/wp\/v2\/media?parent=18336"}],"wp:term":[{"taxonomy":"product_cat","embeddable":true,"href":"https:\/\/hemlinegreen.htl.whale-castle.com\/de\/wp-json\/wp\/v2\/product_cat?post=18336"},{"taxonomy":"product_tag","embeddable":true,"href":"https:\/\/hemlinegreen.htl.whale-castle.com\/de\/wp-json\/wp\/v2\/product_tag?post=18336"}],"curies":[{"name":"wp","href":"https:\/\/api.w.org\/{rel}","templated":true}]}}