{"id":18334,"date":"2023-01-27T18:05:26","date_gmt":"2023-01-27T10:05:26","guid":{"rendered":"https:\/\/hemlinegreen.htl.whale-castle.com\/de\/product\/spulen-brother-singer-bernette\/"},"modified":"2023-01-30T15:52:35","modified_gmt":"2023-01-30T07:52:35","slug":"spulen-brother-singer-bernette","status":"publish","type":"product","link":"https:\/\/hemlinegreen.htl.whale-castle.com\/de\/product\/spulen-brother-singer-bernette\/","title":{"rendered":"Spulen Brother\/Singer\/Bernette"},"content":{"rendered":"<p>Drop-in-Typ. Passend f\u00fcr die meisten Frontlader-N\u00e4hmaschinen Modelle. Passend f\u00fcr Brother\/Singer\/Bernette mit Frontlader und Top-Loading-Spulensystem.<\/p>\n","protected":false},"excerpt":{"rendered":"<p>Drop-in-Typ. Passend f\u00fcr die meisten Frontlader-N\u00e4hmaschinen Modelle. Passend f\u00fcr Brother\/Singer\/Bernette mit Frontlader und Top-Loading-Spulensystem.<\/p>\n","protected":false},"featured_media":13649,"template":"","meta":{"_mi_skip_tracking":false},"product_cat":[12181],"product_tag":[12180],"_links":{"self":[{"href":"https:\/\/hemlinegreen.htl.whale-castle.com\/de\/wp-json\/wp\/v2\/product\/18334"}],"collection":[{"href":"https:\/\/hemlinegreen.htl.whale-castle.com\/de\/wp-json\/wp\/v2\/product"}],"about":[{"href":"https:\/\/hemlinegreen.htl.whale-castle.com\/de\/wp-json\/wp\/v2\/types\/product"}],"wp:featuredmedia":[{"embeddable":true,"href":"https:\/\/hemlinegreen.htl.whale-castle.com\/de\/wp-json\/wp\/v2\/media\/13649"}],"wp:attachment":[{"href":"https:\/\/hemlinegreen.htl.whale-castle.com\/de\/wp-json\/wp\/v2\/media?parent=18334"}],"wp:term":[{"taxonomy":"product_cat","embeddable":true,"href":"https:\/\/hemlinegreen.htl.whale-castle.com\/de\/wp-json\/wp\/v2\/product_cat?post=18334"},{"taxonomy":"product_tag","embeddable":true,"href":"https:\/\/hemlinegreen.htl.whale-castle.com\/de\/wp-json\/wp\/v2\/product_tag?post=18334"}],"curies":[{"name":"wp","href":"https:\/\/api.w.org\/{rel}","templated":true}]}}