{"id":18331,"date":"2023-01-27T18:05:22","date_gmt":"2023-01-27T10:05:22","guid":{"rendered":"https:\/\/hemlinegreen.htl.whale-castle.com\/de\/product\/spulen-singer\/"},"modified":"2023-01-30T15:52:34","modified_gmt":"2023-01-30T07:52:34","slug":"spulen-singer","status":"publish","type":"product","link":"https:\/\/hemlinegreen.htl.whale-castle.com\/de\/product\/spulen-singer\/","title":{"rendered":"Spulen Singer"},"content":{"rendered":"<p>Drop-in-Typ. Passend f\u00fcr alle N\u00e4hmaschinen von Singer mit Top-Loading-Spulensystem. Mit Ausnahme von Modellen mit automatischen Aufspulspulen, f\u00fcr diese Maschinentypen siehe Kategorienummer 120.15.<\/p>\n","protected":false},"excerpt":{"rendered":"<p>Drop-in-Typ. Passend f\u00fcr alle N\u00e4hmaschinen von Singer mit Top-Loading-Spulensystem. Mit Ausnahme von Modellen mit automatischen Aufspulspulen, f\u00fcr diese Maschinentypen siehe Kategorienummer 120.15.<\/p>\n","protected":false},"featured_media":13643,"template":"","meta":{"_mi_skip_tracking":false},"product_cat":[12181],"product_tag":[12180],"_links":{"self":[{"href":"https:\/\/hemlinegreen.htl.whale-castle.com\/de\/wp-json\/wp\/v2\/product\/18331"}],"collection":[{"href":"https:\/\/hemlinegreen.htl.whale-castle.com\/de\/wp-json\/wp\/v2\/product"}],"about":[{"href":"https:\/\/hemlinegreen.htl.whale-castle.com\/de\/wp-json\/wp\/v2\/types\/product"}],"wp:featuredmedia":[{"embeddable":true,"href":"https:\/\/hemlinegreen.htl.whale-castle.com\/de\/wp-json\/wp\/v2\/media\/13643"}],"wp:attachment":[{"href":"https:\/\/hemlinegreen.htl.whale-castle.com\/de\/wp-json\/wp\/v2\/media?parent=18331"}],"wp:term":[{"taxonomy":"product_cat","embeddable":true,"href":"https:\/\/hemlinegreen.htl.whale-castle.com\/de\/wp-json\/wp\/v2\/product_cat?post=18331"},{"taxonomy":"product_tag","embeddable":true,"href":"https:\/\/hemlinegreen.htl.whale-castle.com\/de\/wp-json\/wp\/v2\/product_tag?post=18331"}],"curies":[{"name":"wp","href":"https:\/\/api.w.org\/{rel}","templated":true}]}}