{"id":18325,"date":"2023-01-27T18:05:19","date_gmt":"2023-01-27T10:05:19","guid":{"rendered":"https:\/\/hemlinegreen.htl.whale-castle.com\/de\/product\/nahmaschinennadeln-zwillingsnadel-universal-80-12-3mm\/"},"modified":"2023-01-30T15:52:32","modified_gmt":"2023-01-30T07:52:32","slug":"nahmaschinennadeln-zwillingsnadel-universal-80-12-3mm","status":"publish","type":"product","link":"https:\/\/hemlinegreen.htl.whale-castle.com\/de\/product\/nahmaschinennadeln-zwillingsnadel-universal-80-12-3mm\/","title":{"rendered":"N\u00e4hmaschinennadeln Zwillingsnadel Universal 80\/12-3mm"},"content":{"rendered":"<p>Geeignet f\u00fcr alle modernen N\u00e4hmaschinen. Zwillingsnadel mit einem Nadelabstand von 3.0 mm. Zum dekorativen Absteppen und f\u00fcr Ziern\u00e4hte. Geeignet f\u00fcr: Webware. Garnempfehlung: Stickgarn aus Baumwolle, Polyester oder Rayon.<\/p>\n","protected":false},"excerpt":{"rendered":"<p>https:\/\/www.youtube.com\/watch?v=0SGVNMHcvSE<\/p>\n","protected":false},"featured_media":13631,"template":"","meta":{"_mi_skip_tracking":false},"product_cat":[12175],"product_tag":[12174],"_links":{"self":[{"href":"https:\/\/hemlinegreen.htl.whale-castle.com\/de\/wp-json\/wp\/v2\/product\/18325"}],"collection":[{"href":"https:\/\/hemlinegreen.htl.whale-castle.com\/de\/wp-json\/wp\/v2\/product"}],"about":[{"href":"https:\/\/hemlinegreen.htl.whale-castle.com\/de\/wp-json\/wp\/v2\/types\/product"}],"wp:featuredmedia":[{"embeddable":true,"href":"https:\/\/hemlinegreen.htl.whale-castle.com\/de\/wp-json\/wp\/v2\/media\/13631"}],"wp:attachment":[{"href":"https:\/\/hemlinegreen.htl.whale-castle.com\/de\/wp-json\/wp\/v2\/media?parent=18325"}],"wp:term":[{"taxonomy":"product_cat","embeddable":true,"href":"https:\/\/hemlinegreen.htl.whale-castle.com\/de\/wp-json\/wp\/v2\/product_cat?post=18325"},{"taxonomy":"product_tag","embeddable":true,"href":"https:\/\/hemlinegreen.htl.whale-castle.com\/de\/wp-json\/wp\/v2\/product_tag?post=18325"}],"curies":[{"name":"wp","href":"https:\/\/api.w.org\/{rel}","templated":true}]}}